{"id":16743,"date":"2024-01-12T11:07:59","date_gmt":"2024-01-12T11:07:59","guid":{"rendered":"https:\/\/besonix.ch\/?post_type=product&#038;p=16743"},"modified":"2025-10-02T03:31:51","modified_gmt":"2025-10-02T03:31:51","slug":"tp-7001-3d-zauberwuerfellicht","status":"publish","type":"product","link":"https:\/\/besonix.ch\/fr\/product\/tp-7001-3d-zauberwuerfellicht\/","title":{"rendered":"TP-7001 Lumi\u00e8re Rubik&#039;s Cube 3D"},"content":{"rendered":"<div data-elementor-type=\"wp-post\" data-elementor-id=\"16743\" class=\"elementor elementor-16743\">\n\t\t\t\t<div class=\"elementor-element elementor-element-af4a324 e-flex e-con-boxed wd-section-disabled e-con e-parent\" data-id=\"af4a324\" data-element_type=\"container\">\n\t\t\t\t\t<div class=\"e-con-inner\">\n\t\t\t\t<div class=\"elementor-element elementor-element-2526cfd color-scheme-inherit text-left elementor-widget elementor-widget-text-editor\" data-id=\"2526cfd\" data-element_type=\"widget\" data-widget_type=\"text-editor.default\">\n\t\t\t\t<div class=\"elementor-widget-container\">\n\t\t\t\t\t\t\t\t\t<p class=\"228bf8a64b8551e1MsoNormal\" align=\"center\"><b>3D ZAUBERW\u00dcRFELLICHT<\/b><\/p><p>Das intelligente dreidimensionale magische Installationsproblem nutzt die einfachste und schnellste Unterst\u00fctzung zur Diversifizierung und kann je nach Struktur unterschiedlicher Umgebungen die entsprechende Installation ausw\u00e4hlen. Das Produkt selbst ist mit Installationszubeh\u00f6r ausgestattet, wodurch die m\u00fchsame Verkabelung entf\u00e4llt und der gesamte Installationsprozess mit h\u00f6chster Effizienz verbessert wird.\u00a0<\/p><p>Die bauliche Gestaltung des Gel\u00e4ndes ist f\u00fcr B\u00fchnenk\u00fcnstler oft der m\u00fchsamste Arbeitsaufwand. Mit dem 3D-Zauberw\u00fcrfel k\u00f6nnen mit einfachster Anordnung schockierende visuelle Lichteffekte der Spitzenklasse erzielt werden. Es k\u00f6nnen Matrix- und Ringumgebungslayouts verwendet werden.<\/p><p>Der 3D-Zauberw\u00fcrfel kann direkt von MADRIX programmiert werden, oder er kann nach der Bearbeitung des guten Effekts in den Controller importiert werden, um eine Datei zu bilden, mit DMX512-Konsole, Tiger, MA2-Konsole im Gesamtbetrieb.<\/p><p>Bei der konventionellsten Art der Verkabelung, der direkten Verwendung einer 220-V-Stromversorgung und einer Signalleitung f\u00fcr eine separate Gruppe, m\u00fcssen Sie sich keine Gedanken \u00fcber deren Reihenschaltung machen. Geringer Stromverbrauch, keine Ber\u00fccksichtigung der Gruppierung von starkem Strom, kein Grund zur Sorge um Strom.<\/p><p>Aufgrund unserer umfassenden Projekterfahrung ist sich SDIP potenzieller Qualit\u00e4tsprobleme und Installationsprobleme bewusst und wir wenden spezielle Produktions- und Qualit\u00e4tskontrollstrategien an, um potenzielle Probleme im Werk zu reduzieren.<\/p><p>Neben physischen Lichtleisten bietet BESONIX einen One-Stop-Shop f\u00fcr Standortpr\u00fcfung, Layoutdesign, Lichteffekte und Programmierung auf Basis der Softwareplattformen LedEdit oder Madrix, Produktentwicklung und -implementierung, Installation und Inbetriebnahme.<\/p>\t\t\t\t\t\t\t\t<\/div>\n\t\t\t\t<\/div>\n\t\t\t\t\t<\/div>\n\t\t\t\t<\/div>\n\t\t<div class=\"elementor-element elementor-element-6970fed e-flex e-con-boxed wd-section-disabled e-con e-parent\" data-id=\"6970fed\" data-element_type=\"container\">\n\t\t\t\t\t<div class=\"e-con-inner\">\n\t\t<div class=\"elementor-element elementor-element-1d4c1f8 e-con-full e-flex wd-section-disabled e-con e-child\" data-id=\"1d4c1f8\" data-element_type=\"container\">\n\t\t\t\t<div class=\"elementor-element elementor-element-4a2e1cd elementor-widget elementor-widget-video\" data-id=\"4a2e1cd\" data-element_type=\"widget\" data-settings=\"{&quot;youtube_url&quot;:&quot;https:\\\/\\\/youtu.be\\\/y-9rw--p0YA&quot;,&quot;autoplay&quot;:&quot;yes&quot;,&quot;play_on_mobile&quot;:&quot;yes&quot;,&quot;mute&quot;:&quot;yes&quot;,&quot;loop&quot;:&quot;yes&quot;,&quot;video_type&quot;:&quot;youtube&quot;,&quot;controls&quot;:&quot;yes&quot;}\" data-widget_type=\"video.default\">\n\t\t\t\t<div class=\"elementor-widget-container\">\n\t\t\t\t\t\t\t<div class=\"elementor-wrapper elementor-open-inline\">\n\t\t\t<div class=\"elementor-video\"><\/div>\t\t<\/div>\n\t\t\t\t\t\t<\/div>\n\t\t\t\t<\/div>\n\t\t\t\t<\/div>\n\t\t<div class=\"elementor-element elementor-element-0bf01af e-con-full e-flex wd-section-disabled e-con e-child\" data-id=\"0bf01af\" data-element_type=\"container\">\n\t\t\t\t<div class=\"elementor-element elementor-element-b018acb elementor-widget elementor-widget-video\" data-id=\"b018acb\" data-element_type=\"widget\" data-settings=\"{&quot;youtube_url&quot;:&quot;https:\\\/\\\/www.youtube.com\\\/watch?v=QHx5etbk2X0&quot;,&quot;autoplay&quot;:&quot;yes&quot;,&quot;play_on_mobile&quot;:&quot;yes&quot;,&quot;mute&quot;:&quot;yes&quot;,&quot;loop&quot;:&quot;yes&quot;,&quot;video_type&quot;:&quot;youtube&quot;,&quot;controls&quot;:&quot;yes&quot;}\" data-widget_type=\"video.default\">\n\t\t\t\t<div class=\"elementor-widget-container\">\n\t\t\t\t\t\t\t<div class=\"elementor-wrapper elementor-open-inline\">\n\t\t\t<div class=\"elementor-video\"><\/div>\t\t<\/div>\n\t\t\t\t\t\t<\/div>\n\t\t\t\t<\/div>\n\t\t\t\t<\/div>\n\t\t\t\t\t<\/div>\n\t\t\t\t<\/div>\n\t\t<div class=\"elementor-element elementor-element-946053a e-flex e-con-boxed wd-section-disabled e-con e-parent\" data-id=\"946053a\" data-element_type=\"container\">\n\t\t\t\t\t<div class=\"e-con-inner\">\n\t\t\t\t<div class=\"elementor-element elementor-element-c7985fe color-scheme-inherit text-left elementor-widget elementor-widget-text-editor\" data-id=\"c7985fe\" data-element_type=\"widget\" data-widget_type=\"text-editor.default\">\n\t\t\t\t<div class=\"elementor-widget-container\">\n\t\t\t\t\t\t\t\t\t<p class=\"228bf8a64b8551e1MsoNormal\" style=\"text-align: center;\"><b><span lang=\"EN-US\">STEURUNG<\/span><\/b><\/p><ul><li class=\"228bf8a64b8551e1MsoNormal\">Ein 3D-Fassadenpixelbildschirm, bestehend aus 980 Pixeln 5-seitigen Phantompixel-Lichtpaneelen<\/li><li class=\"228bf8a64b8551e1MsoNormal\">Kompatibel mit jedem Symphony-Controller, kann Offline-, DVI-, ARTNET- und DMX512-Steuerungsmodus ausgeben<\/li><li class=\"228bf8a64b8551e1MsoNormal\">\u00a0Die Steuerung erfolgt \u00fcber den TTL-Controller, der mit der intelligenten Zentralsteuerung oder der DMX512-Konsole verbunden ist<\/li><li class=\"228bf8a64b8551e1MsoNormal\">Die Schale verwendet eine hochwertige Acryl-Lichtstreuungsmethode, um den visuellen Effekt weich und angenehm zu machen<\/li><li class=\"228bf8a64b8551e1MsoNormal\">Alimentation int\u00e9gr\u00e9e, peut \u00eatre directement connect\u00e9e \u00e0 une alimentation 220 V<\/li><li class=\"228bf8a64b8551e1MsoNormal\">La connexion du signal s&#039;effectue via la connexion r\u00e9seau RJ45<\/li><\/ul>\t\t\t\t\t\t\t\t<\/div>\n\t\t\t\t<\/div>\n\t\t\t\t\t<\/div>\n\t\t\t\t<\/div>\n\t\t<div class=\"elementor-element elementor-element-025e3ce e-flex e-con-boxed wd-section-disabled e-con e-parent\" data-id=\"025e3ce\" data-element_type=\"container\">\n\t\t\t\t\t<div class=\"e-con-inner\">\n\t\t\t\t<div class=\"elementor-element elementor-element-0dbc653 elementor-widget elementor-widget-heading\" data-id=\"0dbc653\" data-element_type=\"widget\" data-widget_type=\"heading.default\">\n\t\t\t\t<div class=\"elementor-widget-container\">\n\t\t\t\t\t<h2 class=\"elementor-heading-title elementor-size-default\">sp\u00e9cification<\/h2>\t\t\t\t<\/div>\n\t\t\t\t<\/div>\n\t\t\t\t\t<\/div>\n\t\t\t\t<\/div>\n\t\t<div class=\"elementor-element elementor-element-46c43df e-flex e-con-boxed wd-section-disabled e-con e-parent\" data-id=\"46c43df\" data-element_type=\"container\">\n\t\t\t\t\t<div class=\"e-con-inner\">\n\t\t\t\t<div class=\"elementor-element elementor-element-c3dd5bb color-scheme-inherit text-left elementor-widget elementor-widget-text-editor\" data-id=\"c3dd5bb\" data-element_type=\"widget\" data-widget_type=\"text-editor.default\">\n\t\t\t\t<div class=\"elementor-widget-container\">\n\t\t\t\t\t\t\t\t\t<table class=\"b04ef89c03ed1db5MsoNormalTable\" border=\"1\" width=\"884\" cellspacing=\"0\" cellpadding=\"0\"><tbody><tr><td width=\"98\"><p class=\"228bf8a64b8551e1MsoNormal\"><b>Gr\u00f6sse:<\/b><\/p><\/td><td width=\"115\"><p class=\"228bf8a64b8551e1MsoNormal\">295*295*290mm<\/p><\/td><td width=\"134\"><p class=\"228bf8a64b8551e1MsoNormal\">Signal-Protokoll:<\/p><\/td><td width=\"290\"><p class=\"228bf8a64b8551e1MsoNormal\">Serial SPI<\/p><\/td><\/tr><tr><td><p class=\"228bf8a64b8551e1MsoNormal\">Spannung<\/p><\/td><td><p class=\"228bf8a64b8551e1MsoNormal\">220v<\/p><\/td><td><p class=\"228bf8a64b8551e1MsoNormal\">Hamming-Abstand:<\/p><\/td><td><p class=\"228bf8a64b8551e1MsoNormal\">120m \/ 50m<\/p><\/td><\/tr><tr><td><p class=\"228bf8a64b8551e1MsoNormal\"><b>Maximale Leistung:<\/b><\/p><\/td><td><p class=\"228bf8a64b8551e1MsoNormal\">75w<\/p><\/td><td><p class=\"228bf8a64b8551e1MsoNormal\">Anti-Interferenz:<\/p><\/td><td><p class=\"228bf8a64b8551e1MsoNormal\">Opto-Isolatoren<\/p><\/td><\/tr><tr><td><p class=\"228bf8a64b8551e1MsoNormal\"><b>IC:<\/b><\/p><\/td><td><p class=\"228bf8a64b8551e1MsoNormal\">WS<span class=\"wmi-callto\">2812-2020<\/span><\/p><\/td><td><p class=\"228bf8a64b8551e1MsoNormal\"><b>Control Type:<\/b><\/p><\/td><td><p class=\"228bf8a64b8551e1MsoNormal\">Individuell adressierbar<\/p><\/td><\/tr><tr><td><p class=\"228bf8a64b8551e1MsoNormal\"><b>IC Quantit\u00e4t:<\/b><\/p><\/td><td><p class=\"228bf8a64b8551e1MsoNormal\">980pcs<\/p><\/td><td><p class=\"228bf8a64b8551e1MsoNormal\"><b>Installation:<\/b><\/p><\/td><td><p class=\"228bf8a64b8551e1MsoNormal\">Ring-Schraube<\/p><\/td><\/tr><tr><td><p class=\"228bf8a64b8551e1MsoNormal\"><b>LED Type:<\/b><\/p><\/td><td><p class=\"228bf8a64b8551e1MsoNormal\">SMD5050 RGB<\/p><\/td><td><p class=\"228bf8a64b8551e1MsoNormal\"><b>IP rate:<\/b><\/p><\/td><td><p class=\"228bf8a64b8551e1MsoNormal\">IP33<\/p><\/td><\/tr><tr><td><p class=\"228bf8a64b8551e1MsoNormal\"><b>LED Quantit\u00e4t:<\/b><\/p><\/td><td><p class=\"228bf8a64b8551e1MsoNormal\">980pcs<\/p><\/td><td><p class=\"228bf8a64b8551e1MsoNormal\"><b>Arbeit Temperatur:<\/b><\/p><\/td><td><p class=\"228bf8a64b8551e1MsoNormal\">-40\u00b0~ 70\u00b0<\/p><\/td><\/tr><tr><td><p class=\"228bf8a64b8551e1MsoNormal\"><b>Profile:<\/b><\/p><\/td><td><p class=\"228bf8a64b8551e1MsoNormal\">PVC<\/p><\/td><td><p class=\"228bf8a64b8551e1MsoNormal\"><b>Gewicht:<\/b><\/p><\/td><td><p class=\"228bf8a64b8551e1MsoNormal\">5kg<\/p><\/td><\/tr><tr><td><p class=\"228bf8a64b8551e1MsoNormal\">Abdeckung<\/p><\/td><td><p class=\"228bf8a64b8551e1MsoNormal\">Plexiglas<\/p><\/td><td><p class=\"228bf8a64b8551e1MsoNormal\"><b>OEM:<\/b><\/p><\/td><td><p class=\"228bf8a64b8551e1MsoNormal\">S Angepriesen<\/p><\/td><\/tr><\/tbody><\/table>\t\t\t\t\t\t\t\t<\/div>\n\t\t\t\t<\/div>\n\t\t\t\t\t<\/div>\n\t\t\t\t<\/div>\n\t\t<div class=\"elementor-element elementor-element-a5a0258 e-flex e-con-boxed wd-section-disabled e-con e-parent\" data-id=\"a5a0258\" data-element_type=\"container\">\n\t\t\t\t\t<div class=\"e-con-inner\">\n\t\t\t\t<div class=\"elementor-element elementor-element-de1581c elementor-widget elementor-widget-image\" data-id=\"de1581c\" data-element_type=\"widget\" data-widget_type=\"image.default\">\n\t\t\t\t<div class=\"elementor-widget-container\">\n\t\t\t\t\t\t\t\t\t\t\t\t\t\t\t<img fetchpriority=\"high\" decoding=\"async\" width=\"657\" height=\"614\" src=\"https:\/\/besonix.ch\/wp-content\/uploads\/2024\/01\/image006-1.png\" class=\"attachment-large size-large wp-image-16767\" alt=\"Led Leuchten Aussen Boden\" srcset=\"https:\/\/besonix.ch\/wp-content\/uploads\/2024\/01\/image006-1.png 657w, https:\/\/besonix.ch\/wp-content\/uploads\/2024\/01\/image006-1-321x300.png 321w, https:\/\/besonix.ch\/wp-content\/uploads\/2024\/01\/image006-1-13x12.png 13w, https:\/\/besonix.ch\/wp-content\/uploads\/2024\/01\/image006-1-430x402.png 430w, https:\/\/besonix.ch\/wp-content\/uploads\/2024\/01\/image006-1-150x140.png 150w\" sizes=\"(max-width: 657px) 100vw, 657px\" \/>\t\t\t\t\t\t\t\t\t\t\t\t\t\t\t<\/div>\n\t\t\t\t<\/div>\n\t\t\t\t<div class=\"elementor-element elementor-element-c502805 elementor-widget elementor-widget-heading\" data-id=\"c502805\" data-element_type=\"widget\" data-widget_type=\"heading.default\">\n\t\t\t\t<div class=\"elementor-widget-container\">\n\t\t\t\t\t<h2 class=\"elementor-heading-title elementor-size-default\">Description du produit<\/h2>\t\t\t\t<\/div>\n\t\t\t\t<\/div>\n\t\t\t\t\t<\/div>\n\t\t\t\t<\/div>\n\t\t<div class=\"elementor-element elementor-element-a793043 e-flex e-con-boxed wd-section-disabled e-con e-parent\" data-id=\"a793043\" data-element_type=\"container\">\n\t\t\t\t\t<div class=\"e-con-inner\">\n\t\t\t\t<div class=\"elementor-element elementor-element-713c3cb wd-accordion-theme-style elementor-widget elementor-widget-accordion\" data-id=\"713c3cb\" data-element_type=\"widget\" data-widget_type=\"accordion.default\">\n\t\t\t\t<div class=\"elementor-widget-container\">\n\t\t\t\t\t\t\t<div class=\"elementor-accordion\">\n\t\t\t\t\t\t\t<div class=\"elementor-accordion-item\">\n\t\t\t\t\t<div id=\"elementor-tab-title-1181\" class=\"elementor-tab-title\" data-tab=\"1\" role=\"button\" aria-controls=\"elementor-tab-content-1181\" aria-expanded=\"false\">\n\t\t\t\t\t\t\t\t\t\t\t\t\t<span class=\"elementor-accordion-icon elementor-accordion-icon-left\" aria-hidden=\"true\">\n\t\t\t\t\t\t\t\t\t\t\t\t\t\t\t<span class=\"elementor-accordion-icon-closed\"><svg class=\"e-font-icon-svg e-fas-plus\" viewbox=\"0 0 448 512\" xmlns=\"http:\/\/www.w3.org\/2000\/svg\"><path d=\"M416 208H272V64c0-17.67-14.33-32-32-32h-32c-17.67 0-32 14.33-32 32v144H32c-17.67 0-32 14.33-32 32v32c0 17.67 14.33 32 32 32h144v144c0 17.67 14.33 32 32 32h32c17.67 0 32-14.33 32-32V304h144c17.67 0 32-14.33 32-32v-32c0-17.67-14.33-32-32-32z\"><\/path><\/svg><\/span>\n\t\t\t\t\t\t\t\t<span class=\"elementor-accordion-icon-opened\"><svg class=\"e-font-icon-svg e-fas-minus\" viewbox=\"0 0 448 512\" xmlns=\"http:\/\/www.w3.org\/2000\/svg\"><path d=\"M416 208H32c-17.67 0-32 14.33-32 32v32c0 17.67 14.33 32 32 32h384c17.67 0 32-14.33 32-32v-32c0-17.67-14.33-32-32-32z\"><\/path><\/svg><\/span>\n\t\t\t\t\t\t\t\t\t\t\t\t\t\t<\/span>\n\t\t\t\t\t\t\t\t\t\t\t\t<a class=\"elementor-accordion-title\" tabindex=\"0\">Contr\u00f4le de qualit\u00e9<\/a>\n\t\t\t\t\t<\/div>\n\t\t\t\t\t<div id=\"elementor-tab-content-1181\" class=\"elementor-tab-content elementor-clearfix\" data-tab=\"1\" role=\"region\" aria-labelledby=\"elementor-tab-title-1181\"><p class=\"228bf8a64b8551e1MsoNormal\">Avant tout, la qualit\u00e9 est toujours le facteur le plus important pour une entreprise \u00e0 long terme. Nous en tenons compte et y pr\u00eatons une attention particuli\u00e8re<\/p><\/div>\n\t\t\t\t<\/div>\n\t\t\t\t\t\t\t<div class=\"elementor-accordion-item\">\n\t\t\t\t\t<div id=\"elementor-tab-title-1182\" class=\"elementor-tab-title\" data-tab=\"2\" role=\"button\" aria-controls=\"elementor-tab-content-1182\" aria-expanded=\"false\">\n\t\t\t\t\t\t\t\t\t\t\t\t\t<span class=\"elementor-accordion-icon elementor-accordion-icon-left\" aria-hidden=\"true\">\n\t\t\t\t\t\t\t\t\t\t\t\t\t\t\t<span class=\"elementor-accordion-icon-closed\"><svg class=\"e-font-icon-svg e-fas-plus\" viewbox=\"0 0 448 512\" xmlns=\"http:\/\/www.w3.org\/2000\/svg\"><path d=\"M416 208H272V64c0-17.67-14.33-32-32-32h-32c-17.67 0-32 14.33-32 32v144H32c-17.67 0-32 14.33-32 32v32c0 17.67 14.33 32 32 32h144v144c0 17.67 14.33 32 32 32h32c17.67 0 32-14.33 32-32V304h144c17.67 0 32-14.33 32-32v-32c0-17.67-14.33-32-32-32z\"><\/path><\/svg><\/span>\n\t\t\t\t\t\t\t\t<span class=\"elementor-accordion-icon-opened\"><svg class=\"e-font-icon-svg e-fas-minus\" viewbox=\"0 0 448 512\" xmlns=\"http:\/\/www.w3.org\/2000\/svg\"><path d=\"M416 208H32c-17.67 0-32 14.33-32 32v32c0 17.67 14.33 32 32 32h384c17.67 0 32-14.33 32-32v-32c0-17.67-14.33-32-32-32z\"><\/path><\/svg><\/span>\n\t\t\t\t\t\t\t\t\t\t\t\t\t\t<\/span>\n\t\t\t\t\t\t\t\t\t\t\t\t<a class=\"elementor-accordion-title\" tabindex=\"0\">Installation rapide<\/a>\n\t\t\t\t\t<\/div>\n\t\t\t\t\t<div id=\"elementor-tab-content-1182\" class=\"elementor-tab-content elementor-clearfix\" data-tab=\"2\" role=\"region\" aria-labelledby=\"elementor-tab-title-1182\"><p class=\"228bf8a64b8551e1MsoNormal\">Une structure m\u00e9canique bien con\u00e7ue vous aide \u00e0 installer ce sol LED rapidement<\/p><\/div>\n\t\t\t\t<\/div>\n\t\t\t\t\t\t\t<div class=\"elementor-accordion-item\">\n\t\t\t\t\t<div id=\"elementor-tab-title-1183\" class=\"elementor-tab-title\" data-tab=\"3\" role=\"button\" aria-controls=\"elementor-tab-content-1183\" aria-expanded=\"false\">\n\t\t\t\t\t\t\t\t\t\t\t\t\t<span class=\"elementor-accordion-icon elementor-accordion-icon-left\" aria-hidden=\"true\">\n\t\t\t\t\t\t\t\t\t\t\t\t\t\t\t<span class=\"elementor-accordion-icon-closed\"><svg class=\"e-font-icon-svg e-fas-plus\" viewbox=\"0 0 448 512\" xmlns=\"http:\/\/www.w3.org\/2000\/svg\"><path d=\"M416 208H272V64c0-17.67-14.33-32-32-32h-32c-17.67 0-32 14.33-32 32v144H32c-17.67 0-32 14.33-32 32v32c0 17.67 14.33 32 32 32h144v144c0 17.67 14.33 32 32 32h32c17.67 0 32-14.33 32-32V304h144c17.67 0 32-14.33 32-32v-32c0-17.67-14.33-32-32-32z\"><\/path><\/svg><\/span>\n\t\t\t\t\t\t\t\t<span class=\"elementor-accordion-icon-opened\"><svg class=\"e-font-icon-svg e-fas-minus\" viewbox=\"0 0 448 512\" xmlns=\"http:\/\/www.w3.org\/2000\/svg\"><path d=\"M416 208H32c-17.67 0-32 14.33-32 32v32c0 17.67 14.33 32 32 32h384c17.67 0 32-14.33 32-32v-32c0-17.67-14.33-32-32-32z\"><\/path><\/svg><\/span>\n\t\t\t\t\t\t\t\t\t\t\t\t\t\t<\/span>\n\t\t\t\t\t\t\t\t\t\t\t\t<a class=\"elementor-accordion-title\" tabindex=\"0\">Longue dur\u00e9e de vie<\/a>\n\t\t\t\t\t<\/div>\n\t\t\t\t\t<div id=\"elementor-tab-content-1183\" class=\"elementor-tab-content elementor-clearfix\" data-tab=\"3\" role=\"region\" aria-labelledby=\"elementor-tab-title-1183\"><p class=\"228bf8a64b8551e1MsoNormal\">Des ann\u00e9es de performances fluides, 7 x 24 heures de travail sans souci.<\/p><\/div>\n\t\t\t\t<\/div>\n\t\t\t\t\t\t\t<div class=\"elementor-accordion-item\">\n\t\t\t\t\t<div id=\"elementor-tab-title-1184\" class=\"elementor-tab-title\" data-tab=\"4\" role=\"button\" aria-controls=\"elementor-tab-content-1184\" aria-expanded=\"false\">\n\t\t\t\t\t\t\t\t\t\t\t\t\t<span class=\"elementor-accordion-icon elementor-accordion-icon-left\" aria-hidden=\"true\">\n\t\t\t\t\t\t\t\t\t\t\t\t\t\t\t<span class=\"elementor-accordion-icon-closed\"><svg class=\"e-font-icon-svg e-fas-plus\" viewbox=\"0 0 448 512\" xmlns=\"http:\/\/www.w3.org\/2000\/svg\"><path d=\"M416 208H272V64c0-17.67-14.33-32-32-32h-32c-17.67 0-32 14.33-32 32v144H32c-17.67 0-32 14.33-32 32v32c0 17.67 14.33 32 32 32h144v144c0 17.67 14.33 32 32 32h32c17.67 0 32-14.33 32-32V304h144c17.67 0 32-14.33 32-32v-32c0-17.67-14.33-32-32-32z\"><\/path><\/svg><\/span>\n\t\t\t\t\t\t\t\t<span class=\"elementor-accordion-icon-opened\"><svg class=\"e-font-icon-svg e-fas-minus\" viewbox=\"0 0 448 512\" xmlns=\"http:\/\/www.w3.org\/2000\/svg\"><path d=\"M416 208H32c-17.67 0-32 14.33-32 32v32c0 17.67 14.33 32 32 32h384c17.67 0 32-14.33 32-32v-32c0-17.67-14.33-32-32-32z\"><\/path><\/svg><\/span>\n\t\t\t\t\t\t\t\t\t\t\t\t\t\t<\/span>\n\t\t\t\t\t\t\t\t\t\t\t\t<a class=\"elementor-accordion-title\" tabindex=\"0\">Garantie 2 ans<\/a>\n\t\t\t\t\t<\/div>\n\t\t\t\t\t<div id=\"elementor-tab-content-1184\" class=\"elementor-tab-content elementor-clearfix\" data-tab=\"4\" role=\"region\" aria-labelledby=\"elementor-tab-title-1184\"><p class=\"228bf8a64b8551e1MsoNormal\">Notre garantie de qualit\u00e9 standard est de 2 ans\u00a0; Il est garanti jusqu&#039;\u00e0 5 ans, vous pouvez donc l&#039;utiliser sans souci pendant toute sa dur\u00e9e de vie<\/p><\/div>\n\t\t\t\t<\/div>\n\t\t\t\t\t\t\t\t\t\t<script type=\"application\/ld+json\">{\"@context\":\"https:\\\/\\\/schema.org\",\"@type\":\"FAQPage\",\"mainEntity\":[{\"@type\":\"Question\",\"name\":\"Qualit\\u00e4tskontrolle\",\"acceptedAnswer\":{\"@type\":\"Answer\",\"text\":\"<p class=\\\"228bf8a64b8551e1MsoNormal\\\">Vor allem Qualit\\u00e4t ist immer der wichtigste Faktor f\\u00fcr ein langfristiges Gesch\\u00e4ft. Wir ber\\u00fccksichtigen dies und schenken ihm gro\\u00dfe Aufmerksamkeit<\\\/p>\"}},{\"@type\":\"Question\",\"name\":\"Schnelle Installation\",\"acceptedAnswer\":{\"@type\":\"Answer\",\"text\":\"<p class=\\\"228bf8a64b8551e1MsoNormal\\\">Eine gut durchdachte mechanische Struktur hilft Ihnen, diese LED-Boden schnell zu installieren<\\\/p>\"}},{\"@type\":\"Question\",\"name\":\"Lange Lebensdauer\",\"acceptedAnswer\":{\"@type\":\"Answer\",\"text\":\"<p class=\\\"228bf8a64b8551e1MsoNormal\\\">Jahrelang reibungslose Leistung, 7 x 24 Stunden sorgenfreies Arbeiten.<\\\/p>\"}},{\"@type\":\"Question\",\"name\":\"2 Jahre Garantie\",\"acceptedAnswer\":{\"@type\":\"Answer\",\"text\":\"<p class=\\\"228bf8a64b8551e1MsoNormal\\\">Unsere Standard-Qualit\\u00e4tsgarantie betr\\u00e4gt 2 Jahre; Es gibt eine Garantie von bis zu 5 Jahren, sodass Sie es w\\u00e4hrend der gesamten Lebensdauer sorgenfrei nutzen k\\u00f6nnen<\\\/p>\"}}]}<\/script>\n\t\t\t\t\t<\/div>\n\t\t\t\t\t\t<\/div>\n\t\t\t\t<\/div>\n\t\t\t\t\t<\/div>\n\t\t\t\t<\/div>\n\t\t\t\t<\/div>","protected":false},"excerpt":{"rendered":"<ul type=\"disc\">\n<li class=\"228bf8a64b8551e1MsoNormal\">Stable et durable<\/li>\n<li class=\"228bf8a64b8551e1MsoNormal\">Verschiedene\u00a0coole\u00a0Effekte<\/li>\n<li class=\"228bf8a64b8551e1MsoNormal\">M\u00e9thodes de contr\u00f4le avanc\u00e9es<\/li>\n<li class=\"228bf8a64b8551e1MsoNormal\">Mat\u00e9riel de haute qualit\u00e9<\/li>\n<\/ul>","protected":false},"featured_media":16749,"comment_status":"open","ping_status":"closed","template":"","meta":[],"product_cat":[74],"product_tag":[],"class_list":{"0":"post-16743","1":"product","2":"type-product","3":"status-publish","4":"has-post-thumbnail","6":"product_cat-magnetische-led-tanzboden","8":"first","9":"instock","10":"shipping-taxable","11":"product-type-simple"},"_links":{"self":[{"href":"https:\/\/besonix.ch\/fr\/wp-json\/wp\/v2\/product\/16743","targetHints":{"allow":["GET"]}}],"collection":[{"href":"https:\/\/besonix.ch\/fr\/wp-json\/wp\/v2\/product"}],"about":[{"href":"https:\/\/besonix.ch\/fr\/wp-json\/wp\/v2\/types\/product"}],"replies":[{"embeddable":true,"href":"https:\/\/besonix.ch\/fr\/wp-json\/wp\/v2\/comments?post=16743"}],"version-history":[{"count":23,"href":"https:\/\/besonix.ch\/fr\/wp-json\/wp\/v2\/product\/16743\/revisions"}],"predecessor-version":[{"id":16780,"href":"https:\/\/besonix.ch\/fr\/wp-json\/wp\/v2\/product\/16743\/revisions\/16780"}],"wp:featuredmedia":[{"embeddable":true,"href":"https:\/\/besonix.ch\/fr\/wp-json\/wp\/v2\/media\/16749"}],"wp:attachment":[{"href":"https:\/\/besonix.ch\/fr\/wp-json\/wp\/v2\/media?parent=16743"}],"wp:term":[{"taxonomy":"product_cat","embeddable":true,"href":"https:\/\/besonix.ch\/fr\/wp-json\/wp\/v2\/product_cat?post=16743"},{"taxonomy":"product_tag","embeddable":true,"href":"https:\/\/besonix.ch\/fr\/wp-json\/wp\/v2\/product_tag?post=16743"}],"curies":[{"name":"wp","href":"https:\/\/api.w.org\/{rel}","templated":true}]}}