{"id":16718,"date":"2024-01-12T10:29:14","date_gmt":"2024-01-12T10:29:14","guid":{"rendered":"https:\/\/besonix.ch\/?post_type=product&#038;p=16718"},"modified":"2025-07-27T12:11:07","modified_gmt":"2025-07-27T12:11:07","slug":"tp-700-stereo-matrix-pixel-licht-zur-deckenmontage","status":"publish","type":"product","link":"https:\/\/besonix.ch\/fr\/product\/tp-700-stereo-matrix-pixel-licht-zur-deckenmontage\/","title":{"rendered":"Lumi\u00e8re de pixel matricielle st\u00e9r\u00e9o TP-700 pour montage au plafond"},"content":{"rendered":"<div data-elementor-type=\"wp-post\" data-elementor-id=\"16718\" class=\"elementor elementor-16718\">\n\t\t\t\t<div class=\"elementor-element elementor-element-af4a324 e-flex e-con-boxed wd-section-disabled e-con e-parent\" data-id=\"af4a324\" data-element_type=\"container\">\n\t\t\t\t\t<div class=\"e-con-inner\">\n\t\t\t\t<div class=\"elementor-element elementor-element-2526cfd color-scheme-inherit text-left elementor-widget elementor-widget-text-editor\" data-id=\"2526cfd\" data-element_type=\"widget\" data-widget_type=\"text-editor.default\">\n\t\t\t\t<div class=\"elementor-widget-container\">\n\t\t\t\t\t\t\t\t\t<p style=\"text-align: center;\"><strong>LUMI\u00c8RE PIXEL MATRICE ST\u00c9R\u00c9O\u00a0<\/strong><\/p><ul><li>Compatible avec n&#039;importe quel contr\u00f4leur Magic, hors ligne, sortie de mode de contr\u00f4le DVI, ARTNET et DMX512<\/li><li>Il peut \u00eatre contr\u00f4l\u00e9 par un contr\u00f4leur TTL ou un contr\u00f4leur DMX512<\/li><li>La lampe pixel prend le dessus sur le cache de l&#039;objectif et la lumi\u00e8re est uniforme et douce.<\/li><li>Alimentation int\u00e9gr\u00e9e, peut \u00eatre directement connect\u00e9e \u00e0 une alimentation 220 V<\/li><li>La connexion du signal s&#039;effectue via la connexion r\u00e9seau RJ45<\/li><\/ul>\t\t\t\t\t\t\t\t<\/div>\n\t\t\t\t<\/div>\n\t\t\t\t\t<\/div>\n\t\t\t\t<\/div>\n\t\t<div class=\"elementor-element elementor-element-744689b e-flex e-con-boxed wd-section-disabled e-con e-parent\" data-id=\"744689b\" data-element_type=\"container\">\n\t\t\t\t\t<div class=\"e-con-inner\">\n\t\t\t\t<div class=\"elementor-element elementor-element-a0f947d elementor-widget elementor-widget-video\" data-id=\"a0f947d\" data-element_type=\"widget\" data-settings=\"{&quot;youtube_url&quot;:&quot;https:\\\/\\\/youtu.be\\\/tu65FeI39vQ&quot;,&quot;autoplay&quot;:&quot;yes&quot;,&quot;play_on_mobile&quot;:&quot;yes&quot;,&quot;mute&quot;:&quot;yes&quot;,&quot;loop&quot;:&quot;yes&quot;,&quot;modestbranding&quot;:&quot;yes&quot;,&quot;video_type&quot;:&quot;youtube&quot;,&quot;controls&quot;:&quot;yes&quot;}\" data-widget_type=\"video.default\">\n\t\t\t\t<div class=\"elementor-widget-container\">\n\t\t\t\t\t\t\t<div class=\"elementor-wrapper elementor-open-inline\">\n\t\t\t<div class=\"elementor-video\"><\/div>\t\t<\/div>\n\t\t\t\t\t\t<\/div>\n\t\t\t\t<\/div>\n\t\t\t\t<div class=\"elementor-element elementor-element-262d38c elementor-widget elementor-widget-heading\" data-id=\"262d38c\" data-element_type=\"widget\" data-widget_type=\"heading.default\">\n\t\t\t\t<div class=\"elementor-widget-container\">\n\t\t\t\t\t<h2 class=\"elementor-heading-title elementor-size-default\">Avantages du produit<\/h2>\t\t\t\t<\/div>\n\t\t\t\t<\/div>\n\t\t\t\t\t<\/div>\n\t\t\t\t<\/div>\n\t\t<div class=\"elementor-element elementor-element-06c017d e-flex e-con-boxed wd-section-disabled e-con e-parent\" data-id=\"06c017d\" data-element_type=\"container\">\n\t\t\t\t\t<div class=\"e-con-inner\">\n\t\t\t\t<div class=\"elementor-element elementor-element-720c87d elementor-widget elementor-widget-image\" data-id=\"720c87d\" data-element_type=\"widget\" data-widget_type=\"image.default\">\n\t\t\t\t<div class=\"elementor-widget-container\">\n\t\t\t\t\t\t\t\t\t\t\t\t\t\t\t<img fetchpriority=\"high\" decoding=\"async\" width=\"1132\" height=\"800\" src=\"https:\/\/besonix.ch\/wp-content\/uploads\/2024\/01\/image006-1132x800.png\" class=\"attachment-large size-large wp-image-16734\" alt=\"\" srcset=\"https:\/\/besonix.ch\/wp-content\/uploads\/2024\/01\/image006-1132x800.png 1132w, https:\/\/besonix.ch\/wp-content\/uploads\/2024\/01\/image006-400x283.png 400w, https:\/\/besonix.ch\/wp-content\/uploads\/2024\/01\/image006-768x543.png 768w, https:\/\/besonix.ch\/wp-content\/uploads\/2024\/01\/image006-18x12.png 18w, https:\/\/besonix.ch\/wp-content\/uploads\/2024\/01\/image006-860x608.png 860w, https:\/\/besonix.ch\/wp-content\/uploads\/2024\/01\/image006-430x304.png 430w, https:\/\/besonix.ch\/wp-content\/uploads\/2024\/01\/image006-700x495.png 700w, https:\/\/besonix.ch\/wp-content\/uploads\/2024\/01\/image006-150x106.png 150w, https:\/\/besonix.ch\/wp-content\/uploads\/2024\/01\/image006.png 1528w\" sizes=\"(max-width: 1132px) 100vw, 1132px\" \/>\t\t\t\t\t\t\t\t\t\t\t\t\t\t\t<\/div>\n\t\t\t\t<\/div>\n\t\t\t\t<div class=\"elementor-element elementor-element-1a3a7f6 color-scheme-inherit text-left elementor-widget elementor-widget-text-editor\" data-id=\"1a3a7f6\" data-element_type=\"widget\" data-widget_type=\"text-editor.default\">\n\t\t\t\t<div class=\"elementor-widget-container\">\n\t\t\t\t\t\t\t\t\t<p>Matrix Pixel Light est actuellement disponible dans les mod\u00e8les et tailles suivants\u00a0:\u00a0<\/p><p>6 colonnes lumineuses compos\u00e9es chacune de 80 pixels. Un ensemble total de 480 pixels fait 400 x 600 x 205 mm<br \/>6 colonnes lumineuses, chacune compos\u00e9e de 81 pixels, et une lampe pixel haute performance est ajout\u00e9e \u00e0 chaque colonne lumineuse. L&#039;ensemble total est de 486 pixels, la taille est de 400 x 600 x 205 mm<br \/>9 colonnes lumineuses, chaque colonne lumineuse se compose de 80 pixels, un ensemble total de 720 pixels, la taille est de 500 x 500 x 205 mm<br \/>9 colonnes lumineuses, chacune compos\u00e9e de 81 pixels, et une puissante lampe pixel de 9 W est ajout\u00e9e \u00e0 chaque colonne lumineuse. Au total un ensemble de 729 pixels mesurant 500 x 500 x 205 mm<\/p>\t\t\t\t\t\t\t\t<\/div>\n\t\t\t\t<\/div>\n\t\t\t\t\t<\/div>\n\t\t\t\t<\/div>\n\t\t<div class=\"elementor-element elementor-element-025e3ce e-flex e-con-boxed wd-section-disabled e-con e-parent\" data-id=\"025e3ce\" data-element_type=\"container\">\n\t\t\t\t\t<div class=\"e-con-inner\">\n\t\t\t\t<div class=\"elementor-element elementor-element-0dbc653 elementor-widget elementor-widget-heading\" data-id=\"0dbc653\" data-element_type=\"widget\" data-widget_type=\"heading.default\">\n\t\t\t\t<div class=\"elementor-widget-container\">\n\t\t\t\t\t<h2 class=\"elementor-heading-title elementor-size-default\">sp\u00e9cification<\/h2>\t\t\t\t<\/div>\n\t\t\t\t<\/div>\n\t\t\t\t\t<\/div>\n\t\t\t\t<\/div>\n\t\t<div class=\"elementor-element elementor-element-46c43df e-flex e-con-boxed wd-section-disabled e-con e-parent\" data-id=\"46c43df\" data-element_type=\"container\">\n\t\t\t\t\t<div class=\"e-con-inner\">\n\t\t\t\t<div class=\"elementor-element elementor-element-c3dd5bb color-scheme-inherit text-left elementor-widget elementor-widget-text-editor\" data-id=\"c3dd5bb\" data-element_type=\"widget\" data-widget_type=\"text-editor.default\">\n\t\t\t\t<div class=\"elementor-widget-container\">\n\t\t\t\t\t\t\t\t\t<table class=\"b04ef89c03ed1db5MsoNormalTable\" border=\"1\" width=\"830\" cellspacing=\"0\" cellpadding=\"0\"><tbody><tr><td valign=\"top\"><p class=\"228bf8a64b8551e1MsoNormal\" align=\"center\"><b>Num\u00e9ro d&#039;article<\/b><b><\/b><\/p><\/td><td valign=\"top\"><p class=\"228bf8a64b8551e1MsoNormal\" align=\"center\"><b>TP-700<\/b><\/p><\/td><\/tr><tr><td valign=\"top\"><p class=\"228bf8a64b8551e1MsoNormal\" align=\"center\"><b>Temp\u00e9ratures de couleur (CCT)<\/b><\/p><\/td><td valign=\"top\"><p class=\"228bf8a64b8551e1MsoNormal\" align=\"center\"><b>4100K (blanc neutre)<\/b><\/p><\/td><\/tr><tr><td valign=\"top\"><p class=\"228bf8a64b8551e1MsoNormal\" align=\"center\"><b>Efficace (lm\/w)<\/b><\/p><\/td><td valign=\"top\"><p class=\"228bf8a64b8551e1MsoNormal\" align=\"center\"><b>100<\/b><\/p><\/td><\/tr><tr><td valign=\"top\"><p class=\"228bf8a64b8551e1MsoNormal\" align=\"center\"><b>Indice de rendu des couleurs (Ra)<\/b><\/p><\/td><td valign=\"top\"><p class=\"228bf8a64b8551e1MsoNormal\" align=\"center\"><b>95<\/b><\/p><\/td><\/tr><tr><td valign=\"top\"><p class=\"228bf8a64b8551e1MsoNormal\" align=\"center\"><b>Intensit\u00e9 variable<\/b><\/p><\/td><td valign=\"top\"><p class=\"228bf8a64b8551e1MsoNormal\" align=\"center\"><b>Oui<\/b><\/p><\/td><\/tr><tr><td valign=\"top\"><p class=\"228bf8a64b8551e1MsoNormal\" align=\"center\"><b>Dur\u00e9e de vie (heure)<\/b><\/p><\/td><td valign=\"top\"><p class=\"228bf8a64b8551e1MsoNormal\" align=\"center\"><b>50000<\/b><\/p><\/td><\/tr><tr><td valign=\"top\"><p class=\"228bf8a64b8551e1MsoNormal\" align=\"center\"><b><span lang=\"EN-US\">Poids<\/span>\uff08<span lang=\"EN-US\">kg<\/span>\uff09<\/b><\/p><\/td><td valign=\"top\"><p class=\"228bf8a64b8551e1MsoNormal\" align=\"center\"><b>7.5<\/b><\/p><\/td><\/tr><tr><td valign=\"top\"><p class=\"228bf8a64b8551e1MsoNormal\" align=\"center\"><b>Taper<\/b><\/p><\/td><td valign=\"top\"><p class=\"228bf8a64b8551e1MsoNormal\" align=\"center\"><b>Faisceau lumineux<\/b><\/p><\/td><\/tr><tr><td valign=\"top\"><p class=\"228bf8a64b8551e1MsoNormal\" align=\"center\"><b>Tension d&#039;entr\u00e9e (V)<\/b><\/p><\/td><td valign=\"top\"><p class=\"228bf8a64b8551e1MsoNormal\" align=\"center\"><b>AC90-240V 50-60Hz<\/b><\/p><\/td><\/tr><tr><td valign=\"top\"><p class=\"228bf8a64b8551e1MsoNormal\" align=\"center\"><b>Flux lumineux (lm)<\/b><\/p><\/td><td valign=\"top\"><p class=\"228bf8a64b8551e1MsoNormal\" align=\"center\"><b>1800<\/b><\/p><\/td><\/tr><tr><td valign=\"top\"><p class=\"228bf8a64b8551e1MsoNormal\" align=\"center\"><b>IRC (Ra&gt;)<\/b><\/p><\/td><td valign=\"top\"><p class=\"228bf8a64b8551e1MsoNormal\" align=\"center\"><b>95<\/b><\/p><\/td><\/tr><tr><td valign=\"top\"><p class=\"228bf8a64b8551e1MsoNormal\" align=\"center\"><b>Temp\u00e9rature de fonctionnement (\u2103)<\/b><\/p><\/td><td valign=\"top\"><p class=\"228bf8a64b8551e1MsoNormal\" align=\"center\"><b>-25-40<\/b><\/p><\/td><\/tr><tr><td valign=\"top\"><p class=\"228bf8a64b8551e1MsoNormal\" align=\"center\"><b>Indices IP<\/b><\/p><\/td><td valign=\"top\"><p class=\"228bf8a64b8551e1MsoNormal\" align=\"center\"><b>IP33<\/b><\/p><\/td><\/tr><tr><td valign=\"top\"><p class=\"228bf8a64b8551e1MsoNormal\"><b>\u00a0\u00a0\u00a0\u00a0\u00a0\u00a0\u00a0\u00a0\u00a0\u00a0\u00a0\u00a0\u00a0\u00a0\u00a0\u00a0\u00a0\u00a0\u00a0\u00a0\u00a0 Couleur lumineuse<\/b><\/p><\/td><td valign=\"top\"><p class=\"228bf8a64b8551e1MsoNormal\" align=\"center\"><b>RVB<\/b><\/p><\/td><\/tr><tr><td valign=\"top\"><p class=\"228bf8a64b8551e1MsoNormal\" align=\"center\"><b>Application<\/b><\/p><\/td><td valign=\"top\"><p class=\"228bf8a64b8551e1MsoNormal\" align=\"center\"><b><span lang=\"EN-US\">H\u00f4tel, discoth\u00e8que, discoth\u00e8que, \u00e9mission de t\u00e9l\u00e9vision.<\/span><\/b>\u00a0<b>Plusieurs options de divertissement<\/b><\/p><\/td><\/tr><tr><td valign=\"top\"><p class=\"228bf8a64b8551e1MsoNormal\" align=\"center\"><b>Ampoules<\/b><\/p><\/td><td valign=\"top\"><p class=\"228bf8a64b8551e1MsoNormal\" align=\"center\"><b>DIRIG\u00c9<\/b><\/p><\/td><\/tr><tr><td valign=\"top\"><p class=\"228bf8a64b8551e1MsoNormal\" align=\"center\"><b>CMS<\/b><\/p><\/td><td valign=\"top\"><p class=\"228bf8a64b8551e1MsoNormal\" align=\"center\"><b>WS<span class=\"wmi-callto\">2812-2020<\/span><\/b><\/p><\/td><\/tr><tr><td valign=\"top\"><p class=\"228bf8a64b8551e1MsoNormal\" align=\"center\"><b>Protocole de signal<\/b><\/p><\/td><td valign=\"top\"><p class=\"228bf8a64b8551e1MsoNormal\" align=\"center\"><b>SPI\/TTL<\/b><\/p><\/td><\/tr><tr><td valign=\"top\"><p class=\"228bf8a64b8551e1MsoNormal\" align=\"center\"><b>Conformit\u00e9 des canaux<\/b><\/p><\/td><td valign=\"top\"><p class=\"228bf8a64b8551e1MsoNormal\" align=\"center\"><b>GRB<\/b><\/p><\/td><\/tr><\/tbody><\/table>\t\t\t\t\t\t\t\t<\/div>\n\t\t\t\t<\/div>\n\t\t\t\t\t<\/div>\n\t\t\t\t<\/div>\n\t\t<div class=\"elementor-element elementor-element-a5a0258 e-flex e-con-boxed wd-section-disabled e-con e-parent\" data-id=\"a5a0258\" data-element_type=\"container\">\n\t\t\t\t\t<div class=\"e-con-inner\">\n\t\t\t\t<div class=\"elementor-element elementor-element-c502805 elementor-widget elementor-widget-heading\" data-id=\"c502805\" data-element_type=\"widget\" data-widget_type=\"heading.default\">\n\t\t\t\t<div class=\"elementor-widget-container\">\n\t\t\t\t\t<h2 class=\"elementor-heading-title elementor-size-default\">Description du produit<\/h2>\t\t\t\t<\/div>\n\t\t\t\t<\/div>\n\t\t\t\t\t<\/div>\n\t\t\t\t<\/div>\n\t\t<div class=\"elementor-element elementor-element-a793043 e-flex e-con-boxed wd-section-disabled e-con e-parent\" data-id=\"a793043\" data-element_type=\"container\">\n\t\t\t\t\t<div class=\"e-con-inner\">\n\t\t\t\t<div class=\"elementor-element elementor-element-713c3cb wd-accordion-theme-style elementor-widget elementor-widget-accordion\" data-id=\"713c3cb\" data-element_type=\"widget\" data-widget_type=\"accordion.default\">\n\t\t\t\t<div class=\"elementor-widget-container\">\n\t\t\t\t\t\t\t<div class=\"elementor-accordion\">\n\t\t\t\t\t\t\t<div class=\"elementor-accordion-item\">\n\t\t\t\t\t<div id=\"elementor-tab-title-1181\" class=\"elementor-tab-title\" data-tab=\"1\" role=\"button\" aria-controls=\"elementor-tab-content-1181\" aria-expanded=\"false\">\n\t\t\t\t\t\t\t\t\t\t\t\t\t<span class=\"elementor-accordion-icon elementor-accordion-icon-left\" aria-hidden=\"true\">\n\t\t\t\t\t\t\t\t\t\t\t\t\t\t\t<span class=\"elementor-accordion-icon-closed\"><svg class=\"e-font-icon-svg e-fas-plus\" viewbox=\"0 0 448 512\" xmlns=\"http:\/\/www.w3.org\/2000\/svg\"><path d=\"M416 208H272V64c0-17.67-14.33-32-32-32h-32c-17.67 0-32 14.33-32 32v144H32c-17.67 0-32 14.33-32 32v32c0 17.67 14.33 32 32 32h144v144c0 17.67 14.33 32 32 32h32c17.67 0 32-14.33 32-32V304h144c17.67 0 32-14.33 32-32v-32c0-17.67-14.33-32-32-32z\"><\/path><\/svg><\/span>\n\t\t\t\t\t\t\t\t<span class=\"elementor-accordion-icon-opened\"><svg class=\"e-font-icon-svg e-fas-minus\" viewbox=\"0 0 448 512\" xmlns=\"http:\/\/www.w3.org\/2000\/svg\"><path d=\"M416 208H32c-17.67 0-32 14.33-32 32v32c0 17.67 14.33 32 32 32h384c17.67 0 32-14.33 32-32v-32c0-17.67-14.33-32-32-32z\"><\/path><\/svg><\/span>\n\t\t\t\t\t\t\t\t\t\t\t\t\t\t<\/span>\n\t\t\t\t\t\t\t\t\t\t\t\t<a class=\"elementor-accordion-title\" tabindex=\"0\">Contr\u00f4le de qualit\u00e9<\/a>\n\t\t\t\t\t<\/div>\n\t\t\t\t\t<div id=\"elementor-tab-content-1181\" class=\"elementor-tab-content elementor-clearfix\" data-tab=\"1\" role=\"region\" aria-labelledby=\"elementor-tab-title-1181\"><p class=\"228bf8a64b8551e1MsoNormal\">Avant tout, la qualit\u00e9 est toujours le facteur le plus important pour une entreprise \u00e0 long terme. Nous en tenons compte et y pr\u00eatons une attention particuli\u00e8re<\/p><p><img decoding=\"async\" class=\"alignnone size-medium wp-image-16735\" src=\"https:\/\/besonix.ch\/wp-content\/uploads\/2024\/01\/image010-288x300.png\" alt=\"\" width=\"288\" height=\"300\" srcset=\"https:\/\/besonix.ch\/wp-content\/uploads\/2024\/01\/image010-288x300.png 288w, https:\/\/besonix.ch\/wp-content\/uploads\/2024\/01\/image010-769x800.png 769w, https:\/\/besonix.ch\/wp-content\/uploads\/2024\/01\/image010-768x799.png 768w, https:\/\/besonix.ch\/wp-content\/uploads\/2024\/01\/image010-12x12.png 12w, https:\/\/besonix.ch\/wp-content\/uploads\/2024\/01\/image010-430x447.png 430w, https:\/\/besonix.ch\/wp-content\/uploads\/2024\/01\/image010-700x728.png 700w, https:\/\/besonix.ch\/wp-content\/uploads\/2024\/01\/image010-150x156.png 150w, https:\/\/besonix.ch\/wp-content\/uploads\/2024\/01\/image010.png 787w\" sizes=\"(max-width: 288px) 100vw, 288px\" \/><\/p><\/div>\n\t\t\t\t<\/div>\n\t\t\t\t\t\t\t<div class=\"elementor-accordion-item\">\n\t\t\t\t\t<div id=\"elementor-tab-title-1182\" class=\"elementor-tab-title\" data-tab=\"2\" role=\"button\" aria-controls=\"elementor-tab-content-1182\" aria-expanded=\"false\">\n\t\t\t\t\t\t\t\t\t\t\t\t\t<span class=\"elementor-accordion-icon elementor-accordion-icon-left\" aria-hidden=\"true\">\n\t\t\t\t\t\t\t\t\t\t\t\t\t\t\t<span class=\"elementor-accordion-icon-closed\"><svg class=\"e-font-icon-svg e-fas-plus\" viewbox=\"0 0 448 512\" xmlns=\"http:\/\/www.w3.org\/2000\/svg\"><path d=\"M416 208H272V64c0-17.67-14.33-32-32-32h-32c-17.67 0-32 14.33-32 32v144H32c-17.67 0-32 14.33-32 32v32c0 17.67 14.33 32 32 32h144v144c0 17.67 14.33 32 32 32h32c17.67 0 32-14.33 32-32V304h144c17.67 0 32-14.33 32-32v-32c0-17.67-14.33-32-32-32z\"><\/path><\/svg><\/span>\n\t\t\t\t\t\t\t\t<span class=\"elementor-accordion-icon-opened\"><svg class=\"e-font-icon-svg e-fas-minus\" viewbox=\"0 0 448 512\" xmlns=\"http:\/\/www.w3.org\/2000\/svg\"><path d=\"M416 208H32c-17.67 0-32 14.33-32 32v32c0 17.67 14.33 32 32 32h384c17.67 0 32-14.33 32-32v-32c0-17.67-14.33-32-32-32z\"><\/path><\/svg><\/span>\n\t\t\t\t\t\t\t\t\t\t\t\t\t\t<\/span>\n\t\t\t\t\t\t\t\t\t\t\t\t<a class=\"elementor-accordion-title\" tabindex=\"0\">Installation rapide<\/a>\n\t\t\t\t\t<\/div>\n\t\t\t\t\t<div id=\"elementor-tab-content-1182\" class=\"elementor-tab-content elementor-clearfix\" data-tab=\"2\" role=\"region\" aria-labelledby=\"elementor-tab-title-1182\"><p>Une structure m\u00e9canique bien con\u00e7ue vous aide \u00e0 installer rapidement cette lumi\u00e8re matricielle<\/p><p><img decoding=\"async\" class=\"alignnone size-medium wp-image-16736\" src=\"https:\/\/besonix.ch\/wp-content\/uploads\/2024\/01\/image008-1-330x300.png\" alt=\"\" width=\"330\" height=\"300\" srcset=\"https:\/\/besonix.ch\/wp-content\/uploads\/2024\/01\/image008-1-330x300.png 330w, https:\/\/besonix.ch\/wp-content\/uploads\/2024\/01\/image008-1-768x697.png 768w, https:\/\/besonix.ch\/wp-content\/uploads\/2024\/01\/image008-1-13x12.png 13w, https:\/\/besonix.ch\/wp-content\/uploads\/2024\/01\/image008-1-430x391.png 430w, https:\/\/besonix.ch\/wp-content\/uploads\/2024\/01\/image008-1-700x636.png 700w, https:\/\/besonix.ch\/wp-content\/uploads\/2024\/01\/image008-1-150x136.png 150w, https:\/\/besonix.ch\/wp-content\/uploads\/2024\/01\/image008-1.png 860w\" sizes=\"(max-width: 330px) 100vw, 330px\" \/><\/p><\/div>\n\t\t\t\t<\/div>\n\t\t\t\t\t\t\t<div class=\"elementor-accordion-item\">\n\t\t\t\t\t<div id=\"elementor-tab-title-1183\" class=\"elementor-tab-title\" data-tab=\"3\" role=\"button\" aria-controls=\"elementor-tab-content-1183\" aria-expanded=\"false\">\n\t\t\t\t\t\t\t\t\t\t\t\t\t<span class=\"elementor-accordion-icon elementor-accordion-icon-left\" aria-hidden=\"true\">\n\t\t\t\t\t\t\t\t\t\t\t\t\t\t\t<span class=\"elementor-accordion-icon-closed\"><svg class=\"e-font-icon-svg e-fas-plus\" viewbox=\"0 0 448 512\" xmlns=\"http:\/\/www.w3.org\/2000\/svg\"><path d=\"M416 208H272V64c0-17.67-14.33-32-32-32h-32c-17.67 0-32 14.33-32 32v144H32c-17.67 0-32 14.33-32 32v32c0 17.67 14.33 32 32 32h144v144c0 17.67 14.33 32 32 32h32c17.67 0 32-14.33 32-32V304h144c17.67 0 32-14.33 32-32v-32c0-17.67-14.33-32-32-32z\"><\/path><\/svg><\/span>\n\t\t\t\t\t\t\t\t<span class=\"elementor-accordion-icon-opened\"><svg class=\"e-font-icon-svg e-fas-minus\" viewbox=\"0 0 448 512\" xmlns=\"http:\/\/www.w3.org\/2000\/svg\"><path d=\"M416 208H32c-17.67 0-32 14.33-32 32v32c0 17.67 14.33 32 32 32h384c17.67 0 32-14.33 32-32v-32c0-17.67-14.33-32-32-32z\"><\/path><\/svg><\/span>\n\t\t\t\t\t\t\t\t\t\t\t\t\t\t<\/span>\n\t\t\t\t\t\t\t\t\t\t\t\t<a class=\"elementor-accordion-title\" tabindex=\"0\">Longue dur\u00e9e de vie<\/a>\n\t\t\t\t\t<\/div>\n\t\t\t\t\t<div id=\"elementor-tab-content-1183\" class=\"elementor-tab-content elementor-clearfix\" data-tab=\"3\" role=\"region\" aria-labelledby=\"elementor-tab-title-1183\"><p class=\"228bf8a64b8551e1MsoNormal\">Des ann\u00e9es de performances fluides, 7 x 24 heures de travail sans souci.<\/p><\/div>\n\t\t\t\t<\/div>\n\t\t\t\t\t\t\t<div class=\"elementor-accordion-item\">\n\t\t\t\t\t<div id=\"elementor-tab-title-1184\" class=\"elementor-tab-title\" data-tab=\"4\" role=\"button\" aria-controls=\"elementor-tab-content-1184\" aria-expanded=\"false\">\n\t\t\t\t\t\t\t\t\t\t\t\t\t<span class=\"elementor-accordion-icon elementor-accordion-icon-left\" aria-hidden=\"true\">\n\t\t\t\t\t\t\t\t\t\t\t\t\t\t\t<span class=\"elementor-accordion-icon-closed\"><svg class=\"e-font-icon-svg e-fas-plus\" viewbox=\"0 0 448 512\" xmlns=\"http:\/\/www.w3.org\/2000\/svg\"><path d=\"M416 208H272V64c0-17.67-14.33-32-32-32h-32c-17.67 0-32 14.33-32 32v144H32c-17.67 0-32 14.33-32 32v32c0 17.67 14.33 32 32 32h144v144c0 17.67 14.33 32 32 32h32c17.67 0 32-14.33 32-32V304h144c17.67 0 32-14.33 32-32v-32c0-17.67-14.33-32-32-32z\"><\/path><\/svg><\/span>\n\t\t\t\t\t\t\t\t<span class=\"elementor-accordion-icon-opened\"><svg class=\"e-font-icon-svg e-fas-minus\" viewbox=\"0 0 448 512\" xmlns=\"http:\/\/www.w3.org\/2000\/svg\"><path d=\"M416 208H32c-17.67 0-32 14.33-32 32v32c0 17.67 14.33 32 32 32h384c17.67 0 32-14.33 32-32v-32c0-17.67-14.33-32-32-32z\"><\/path><\/svg><\/span>\n\t\t\t\t\t\t\t\t\t\t\t\t\t\t<\/span>\n\t\t\t\t\t\t\t\t\t\t\t\t<a class=\"elementor-accordion-title\" tabindex=\"0\">Garantie 2 ans<\/a>\n\t\t\t\t\t<\/div>\n\t\t\t\t\t<div id=\"elementor-tab-content-1184\" class=\"elementor-tab-content elementor-clearfix\" data-tab=\"4\" role=\"region\" aria-labelledby=\"elementor-tab-title-1184\"><p class=\"228bf8a64b8551e1MsoNormal\">Notre garantie de qualit\u00e9 standard est de 2 ans\u00a0; Il b\u00e9n\u00e9ficie d&#039;une garantie allant jusqu&#039;\u00e0 5 ans, vous pouvez donc l&#039;utiliser sans souci tout au long de sa dur\u00e9e de vie.<\/p><\/div>\n\t\t\t\t<\/div>\n\t\t\t\t\t\t\t\t\t\t<script type=\"application\/ld+json\">{\"@context\":\"https:\\\/\\\/schema.org\",\"@type\":\"FAQPage\",\"mainEntity\":[{\"@type\":\"Question\",\"name\":\"Qualit\\u00e4tskontrolle\",\"acceptedAnswer\":{\"@type\":\"Answer\",\"text\":\"<p class=\\\"228bf8a64b8551e1MsoNormal\\\">Vor allem Qualit\\u00e4t ist immer der wichtigste Faktor f\\u00fcr ein langfristiges Gesch\\u00e4ft. Wir ber\\u00fccksichtigen dies und schenken ihm gro\\u00dfe Aufmerksamkeit<\\\/p><p><img class=\\\"alignnone size-medium wp-image-16735\\\" src=\\\"https:\\\/\\\/besonix.ch\\\/wp-content\\\/uploads\\\/2024\\\/01\\\/image010-288x300.png\\\" alt=\\\"\\\" width=\\\"288\\\" height=\\\"300\\\" \\\/><\\\/p>\"}},{\"@type\":\"Question\",\"name\":\"Schnelle Installation\",\"acceptedAnswer\":{\"@type\":\"Answer\",\"text\":\"<p>Eine gut durchdachte mechanische Struktur hilft Ihnen, diese Matrixlicht schnell zu installieren<\\\/p><p><img class=\\\"alignnone size-medium wp-image-16736\\\" src=\\\"https:\\\/\\\/besonix.ch\\\/wp-content\\\/uploads\\\/2024\\\/01\\\/image008-1-330x300.png\\\" alt=\\\"\\\" width=\\\"330\\\" height=\\\"300\\\" \\\/><\\\/p>\"}},{\"@type\":\"Question\",\"name\":\"Lange Lebensdauer\",\"acceptedAnswer\":{\"@type\":\"Answer\",\"text\":\"<p class=\\\"228bf8a64b8551e1MsoNormal\\\">Jahrelang reibungslose Leistung, 7 x 24 Stunden sorgenfreies Arbeiten.<\\\/p>\"}},{\"@type\":\"Question\",\"name\":\"2 Jahre Garantie\",\"acceptedAnswer\":{\"@type\":\"Answer\",\"text\":\"<p class=\\\"228bf8a64b8551e1MsoNormal\\\">Unsere Standard-Qualit\\u00e4tsgarantie betr\\u00e4gt 2 Jahre; Es gibt eine Garantie von bis zu 5 Jahren, sodass Sie es w\\u00e4hrend der gesamten Lebensdauer sorgenfrei nutzen k\\u00f6nnen.<\\\/p>\"}}]}<\/script>\n\t\t\t\t\t<\/div>\n\t\t\t\t\t\t<\/div>\n\t\t\t\t<\/div>\n\t\t\t\t\t<\/div>\n\t\t\t\t<\/div>\n\t\t\t\t<\/div>","protected":false},"excerpt":{"rendered":"<ul>\n<li>Stable et durable<\/li>\n<li>Divers effets sympas<\/li>\n<li>M\u00e9thodes de contr\u00f4le avanc\u00e9es<\/li>\n<li>Mat\u00e9riel de haute qualit\u00e9<\/li>\n<\/ul>","protected":false},"featured_media":16720,"comment_status":"open","ping_status":"closed","template":"","meta":[],"product_cat":[74],"product_tag":[],"class_list":{"0":"post-16718","1":"product","2":"type-product","3":"status-publish","4":"has-post-thumbnail","6":"product_cat-magnetische-led-tanzboden","8":"first","9":"instock","10":"shipping-taxable","11":"product-type-simple"},"_links":{"self":[{"href":"https:\/\/besonix.ch\/fr\/wp-json\/wp\/v2\/product\/16718","targetHints":{"allow":["GET"]}}],"collection":[{"href":"https:\/\/besonix.ch\/fr\/wp-json\/wp\/v2\/product"}],"about":[{"href":"https:\/\/besonix.ch\/fr\/wp-json\/wp\/v2\/types\/product"}],"replies":[{"embeddable":true,"href":"https:\/\/besonix.ch\/fr\/wp-json\/wp\/v2\/comments?post=16718"}],"version-history":[{"count":9,"href":"https:\/\/besonix.ch\/fr\/wp-json\/wp\/v2\/product\/16718\/revisions"}],"predecessor-version":[{"id":16739,"href":"https:\/\/besonix.ch\/fr\/wp-json\/wp\/v2\/product\/16718\/revisions\/16739"}],"wp:featuredmedia":[{"embeddable":true,"href":"https:\/\/besonix.ch\/fr\/wp-json\/wp\/v2\/media\/16720"}],"wp:attachment":[{"href":"https:\/\/besonix.ch\/fr\/wp-json\/wp\/v2\/media?parent=16718"}],"wp:term":[{"taxonomy":"product_cat","embeddable":true,"href":"https:\/\/besonix.ch\/fr\/wp-json\/wp\/v2\/product_cat?post=16718"},{"taxonomy":"product_tag","embeddable":true,"href":"https:\/\/besonix.ch\/fr\/wp-json\/wp\/v2\/product_tag?post=16718"}],"curies":[{"name":"wp","href":"https:\/\/api.w.org\/{rel}","templated":true}]}}