{"id":16274,"date":"2024-01-05T13:50:03","date_gmt":"2024-01-05T13:50:03","guid":{"rendered":"https:\/\/besonix.ch\/?post_type=product&#038;p=16274"},"modified":"2025-10-02T03:32:06","modified_gmt":"2025-10-02T03:32:06","slug":"tp-800g-infrarot-aktive-game-led-boden","status":"publish","type":"product","link":"https:\/\/besonix.ch\/fr\/product\/tp-800g-infrarot-aktive-game-led-boden\/","title":{"rendered":"Plancher LED de jeu actif infrarouge TP-800G"},"content":{"rendered":"<div data-elementor-type=\"wp-post\" data-elementor-id=\"16274\" class=\"elementor elementor-16274\">\n\t\t\t\t<div class=\"elementor-element elementor-element-af4a324 e-flex e-con-boxed wd-section-disabled e-con e-parent\" data-id=\"af4a324\" data-element_type=\"container\">\n\t\t\t\t\t<div class=\"e-con-inner\">\n\t\t\t\t<div class=\"elementor-element elementor-element-7ce93b0 elementor-widget elementor-widget-wd_video\" data-id=\"7ce93b0\" data-element_type=\"widget\" data-widget_type=\"wd_video.default\">\n\t\t\t\t<div class=\"elementor-widget-container\">\n\t\t\t\t\t\n\t\t<div class=\"wd-el-video wd-action-without wd-video-hosted wd-with-aspect-ratio\">\n\t\t\t\t\t\t\t<video src=\"https:\/\/besonix.ch\/wp-content\/uploads\/2024\/01\/20230615_11f74bfb862466a9_415232882421_mp4_264_sd_unlimit_taobao.mp4\" playsinline controls preload=\"metadata\"><\/video>\t\t\t\n\t\t\t\n\t\t\t\n\t\t\t\t\t<\/div>\n\t\t\t\t\t\t<\/div>\n\t\t\t\t<\/div>\n\t\t\t\t<div class=\"elementor-element elementor-element-2526cfd color-scheme-inherit text-left elementor-widget elementor-widget-text-editor\" data-id=\"2526cfd\" data-element_type=\"widget\" data-widget_type=\"text-editor.default\">\n\t\t\t\t<div class=\"elementor-widget-container\">\n\t\t\t\t\t\t\t\t\t<p>Un sol de jeu actif \u00e0 LED est un syst\u00e8me de sol sp\u00e9cialement con\u00e7u qui int\u00e8gre des lumi\u00e8res LED interactives et des capteurs pour cr\u00e9er une exp\u00e9rience de jeu divertissante. Ces sols peuvent \u00eatre utilis\u00e9s dans divers environnements notamment les salles de sport, les aires de jeux, les centres commerciaux, les salons professionnels, les maisons de retraite, les clubs. Disco Il est \u00e9galement utilis\u00e9 pour le divertissement interactif des enfants, par exemple dans les aires de jeux pour enfants et les parcs \u00e0 th\u00e8me, pour am\u00e9liorer l&#039;activit\u00e9 physique et promouvoir l&#039;exercice. Les sols LED Active Play offrent g\u00e9n\u00e9ralement une large gamme de jeux qui encouragent le mouvement et l\u2019activit\u00e9 physique, tels que\u00a0: B. Concours de danse, sports virtuels et puzzles interactifs. Les joueurs peuvent interagir avec le sol via des capteurs qui d\u00e9tectent leur mouvement et envoient des signaux aux lumi\u00e8res LED, d\u00e9clenchant divers effets et \u00e9l\u00e9ments de jeu.\u00a0<\/p><p>L\u2019un des plus grands avantages des sols LED pour les jeux actifs est leur capacit\u00e9 \u00e0 motiver et \u00e0 impliquer les participants de tous \u00e2ges et de tous niveaux. Ces sols offrent une mani\u00e8re unique et passionnante de promouvoir la forme physique et le bien-\u00eatre, ce qui en fait un compl\u00e9ment id\u00e9al \u00e0 toute installation de remise en forme ou de loisirs.<\/p><p>Si vous souhaitez transformer votre espace int\u00e9rieur en un environnement interactif et divertissant qui encourage le mouvement et le mouvement, un sol de jeu actif \u00e0 LED peut \u00eatre la solution dont vous avez besoin. Avec leur design unique et leur gamme de jeux et d\u2019activit\u00e9s interactifs, ces \u00e9tages peuvent vous aider \u00e0 cr\u00e9er un espace dynamique et attrayant qui incite les gens \u00e0 revenir pour en savoir plus.\u00a0<\/p>\t\t\t\t\t\t\t\t<\/div>\n\t\t\t\t<\/div>\n\t\t\t\t\t<\/div>\n\t\t\t\t<\/div>\n\t\t<div class=\"elementor-element elementor-element-744689b e-flex e-con-boxed wd-section-disabled e-con e-parent\" data-id=\"744689b\" data-element_type=\"container\">\n\t\t\t\t\t<div class=\"e-con-inner\">\n\t\t\t\t<div class=\"elementor-element elementor-element-262d38c elementor-widget elementor-widget-heading\" data-id=\"262d38c\" data-element_type=\"widget\" data-widget_type=\"heading.default\">\n\t\t\t\t<div class=\"elementor-widget-container\">\n\t\t\t\t\t<h2 class=\"elementor-heading-title elementor-size-default\">Avantages du produit<\/h2>\t\t\t\t<\/div>\n\t\t\t\t<\/div>\n\t\t\t\t\t<\/div>\n\t\t\t\t<\/div>\n\t\t<div class=\"elementor-element elementor-element-06c017d e-flex e-con-boxed wd-section-disabled e-con e-parent\" data-id=\"06c017d\" data-element_type=\"container\">\n\t\t\t\t\t<div class=\"e-con-inner\">\n\t\t\t\t<div class=\"elementor-element elementor-element-1a3a7f6 color-scheme-inherit text-left elementor-widget elementor-widget-text-editor\" data-id=\"1a3a7f6\" data-element_type=\"widget\" data-widget_type=\"text-editor.default\">\n\t\t\t\t<div class=\"elementor-widget-container\">\n\t\t\t\t\t\t\t\t\t<p><span style=\"text-decoration: underline;\"><strong>Contr\u00f4le de qualit\u00e9<\/strong><\/span><\/p><p>Avant tout, la qualit\u00e9 est toujours le facteur le plus important pour une entreprise \u00e0 long terme. Nous en tenons compte et y pr\u00eatons une attention particuli\u00e8re<\/p><p><span style=\"text-decoration: underline;\"><strong>\u00c9conomique<\/strong><\/span><\/p><p>Qualit\u00e9 sup\u00e9rieure et co\u00fbt abordable<\/p><p><span style=\"text-decoration: underline;\"><strong>Installation rapide<\/strong><\/span><br \/>Une structure m\u00e9canique bien con\u00e7ue vous aide \u00e0 installer ce sol LED rapidement<\/p><p><span style=\"text-decoration: underline;\"><strong>Longue dur\u00e9e de vie<\/strong><\/span><\/p><p>Des ann\u00e9es de performances fluides, 7 x 24 heures de travail sans souci.<\/p><p><strong><span style=\"text-decoration: underline;\">Garantie 2 ans<\/span><\/strong><\/p><p>Notre garantie de qualit\u00e9 standard est de 2 ans\u00a0; Il est garanti jusqu&#039;\u00e0 5 ans, vous pouvez donc l&#039;utiliser sans souci pendant toute sa dur\u00e9e de vie<\/p><p><strong><span style=\"text-decoration: underline;\">Jeu de groupe<\/span><\/strong><\/p><p>Jeux individuels ou collectifs de plus de 6 joueurs.<\/p>\t\t\t\t\t\t\t\t<\/div>\n\t\t\t\t<\/div>\n\t\t\t\t\t<\/div>\n\t\t\t\t<\/div>\n\t\t<div class=\"elementor-element elementor-element-025e3ce e-flex e-con-boxed wd-section-disabled e-con e-parent\" data-id=\"025e3ce\" data-element_type=\"container\">\n\t\t\t\t\t<div class=\"e-con-inner\">\n\t\t\t\t<div class=\"elementor-element elementor-element-0dbc653 elementor-widget elementor-widget-heading\" data-id=\"0dbc653\" data-element_type=\"widget\" data-widget_type=\"heading.default\">\n\t\t\t\t<div class=\"elementor-widget-container\">\n\t\t\t\t\t<h2 class=\"elementor-heading-title elementor-size-default\">sp\u00e9cification<\/h2>\t\t\t\t<\/div>\n\t\t\t\t<\/div>\n\t\t\t\t\t<\/div>\n\t\t\t\t<\/div>\n\t\t<div class=\"elementor-element elementor-element-46c43df e-flex e-con-boxed wd-section-disabled e-con e-parent\" data-id=\"46c43df\" data-element_type=\"container\">\n\t\t\t\t\t<div class=\"e-con-inner\">\n\t\t\t\t<div class=\"elementor-element elementor-element-c3dd5bb color-scheme-inherit text-left elementor-widget elementor-widget-text-editor\" data-id=\"c3dd5bb\" data-element_type=\"widget\" data-widget_type=\"text-editor.default\">\n\t\t\t\t<div class=\"elementor-widget-container\">\n\t\t\t\t\t\t\t\t\t<table border=\"1\" cellspacing=\"0\" cellpadding=\"0\"><tbody><tr class=\"firstRow\" align=\"center\"><td>Nom du produit<\/td><td>Plancher dirig\u00e9 par un jeu actif<\/td><\/tr><tr align=\"center\"><td>Mod\u00e8le<\/td><td>TP-800G<\/td><\/tr><tr align=\"center\"><td>Taille<\/td><td>300*300*75mm<\/td><\/tr><tr align=\"center\"><td>pouvoir<\/td><td>7W<\/td><\/tr><tr align=\"center\"><td>DIRIG\u00c9<\/td><td>LED RVB 3en1<\/td><\/tr><tr align=\"center\"><td>pilotage<\/td><td>Logiciel PC<\/td><\/tr><tr align=\"center\"><td>mat\u00e9riel<\/td><td>ABS + verre tremp\u00e9 10MM<\/td><\/tr><tr align=\"center\"><td>R\u00e9silience<\/td><td>500KG par assiette<\/td><\/tr><tr align=\"center\"><td><p>Poids net<\/p><\/td><td><p>3,5 kg<\/p><\/td><\/tr><tr align=\"center\"><td>Imperm\u00e9able<\/td><td>IP65<\/td><\/tr><\/tbody><\/table><p><img fetchpriority=\"high\" decoding=\"async\" class=\"aligncenter wp-image-18260 size-full\" src=\"https:\/\/besonix.ch\/wp-content\/uploads\/2025\/01\/WhatsApp-Image-2025-01-06-at-15.42.49-1.jpeg\" alt=\"\" width=\"697\" height=\"503\" srcset=\"https:\/\/besonix.ch\/wp-content\/uploads\/2025\/01\/WhatsApp-Image-2025-01-06-at-15.42.49-1.jpeg 697w, https:\/\/besonix.ch\/wp-content\/uploads\/2025\/01\/WhatsApp-Image-2025-01-06-at-15.42.49-1-400x289.jpeg 400w, https:\/\/besonix.ch\/wp-content\/uploads\/2025\/01\/WhatsApp-Image-2025-01-06-at-15.42.49-1-18x12.jpeg 18w, https:\/\/besonix.ch\/wp-content\/uploads\/2025\/01\/WhatsApp-Image-2025-01-06-at-15.42.49-1-430x310.jpeg 430w, https:\/\/besonix.ch\/wp-content\/uploads\/2025\/01\/WhatsApp-Image-2025-01-06-at-15.42.49-1-150x108.jpeg 150w\" sizes=\"(max-width: 697px) 100vw, 697px\" \/><\/p>\t\t\t\t\t\t\t\t<\/div>\n\t\t\t\t<\/div>\n\t\t\t\t\t<\/div>\n\t\t\t\t<\/div>\n\t\t<div class=\"elementor-element elementor-element-a5a0258 e-flex e-con-boxed wd-section-disabled e-con e-parent\" data-id=\"a5a0258\" data-element_type=\"container\">\n\t\t\t\t\t<div class=\"e-con-inner\">\n\t\t\t\t<div class=\"elementor-element elementor-element-c502805 elementor-widget elementor-widget-heading\" data-id=\"c502805\" data-element_type=\"widget\" data-widget_type=\"heading.default\">\n\t\t\t\t<div class=\"elementor-widget-container\">\n\t\t\t\t\t<h2 class=\"elementor-heading-title elementor-size-default\">Description du produit<\/h2>\t\t\t\t<\/div>\n\t\t\t\t<\/div>\n\t\t\t\t\t<\/div>\n\t\t\t\t<\/div>\n\t\t<div class=\"elementor-element elementor-element-a793043 e-flex e-con-boxed wd-section-disabled e-con e-parent\" data-id=\"a793043\" data-element_type=\"container\">\n\t\t\t\t\t<div class=\"e-con-inner\">\n\t\t\t\t<div class=\"elementor-element elementor-element-713c3cb wd-accordion-theme-style elementor-widget elementor-widget-accordion\" data-id=\"713c3cb\" data-element_type=\"widget\" data-widget_type=\"accordion.default\">\n\t\t\t\t<div class=\"elementor-widget-container\">\n\t\t\t\t\t\t\t<div class=\"elementor-accordion\">\n\t\t\t\t\t\t\t<div class=\"elementor-accordion-item\">\n\t\t\t\t\t<div id=\"elementor-tab-title-1181\" class=\"elementor-tab-title\" data-tab=\"1\" role=\"button\" aria-controls=\"elementor-tab-content-1181\" aria-expanded=\"false\">\n\t\t\t\t\t\t\t\t\t\t\t\t\t<span class=\"elementor-accordion-icon elementor-accordion-icon-left\" aria-hidden=\"true\">\n\t\t\t\t\t\t\t\t\t\t\t\t\t\t\t<span class=\"elementor-accordion-icon-closed\"><svg class=\"e-font-icon-svg e-fas-plus\" viewbox=\"0 0 448 512\" xmlns=\"http:\/\/www.w3.org\/2000\/svg\"><path d=\"M416 208H272V64c0-17.67-14.33-32-32-32h-32c-17.67 0-32 14.33-32 32v144H32c-17.67 0-32 14.33-32 32v32c0 17.67 14.33 32 32 32h144v144c0 17.67 14.33 32 32 32h32c17.67 0 32-14.33 32-32V304h144c17.67 0 32-14.33 32-32v-32c0-17.67-14.33-32-32-32z\"><\/path><\/svg><\/span>\n\t\t\t\t\t\t\t\t<span class=\"elementor-accordion-icon-opened\"><svg class=\"e-font-icon-svg e-fas-minus\" viewbox=\"0 0 448 512\" xmlns=\"http:\/\/www.w3.org\/2000\/svg\"><path d=\"M416 208H32c-17.67 0-32 14.33-32 32v32c0 17.67 14.33 32 32 32h384c17.67 0 32-14.33 32-32v-32c0-17.67-14.33-32-32-32z\"><\/path><\/svg><\/span>\n\t\t\t\t\t\t\t\t\t\t\t\t\t\t<\/span>\n\t\t\t\t\t\t\t\t\t\t\t\t<a class=\"elementor-accordion-title\" tabindex=\"0\">Gameplay interactif<\/a>\n\t\t\t\t\t<\/div>\n\t\t\t\t\t<div id=\"elementor-tab-content-1181\" class=\"elementor-tab-content elementor-clearfix\" data-tab=\"1\" role=\"region\" aria-labelledby=\"elementor-tab-title-1181\">Les sols LED de jeu actifs offrent une exp\u00e9rience de jeu interactive que les sols LED traditionnels n&#039;offrent pas. Les joueurs peuvent se d\u00e9placer librement et participer activement au jeu, le rendant encore plus amusant et excitant.<\/div>\n\t\t\t\t<\/div>\n\t\t\t\t\t\t\t<div class=\"elementor-accordion-item\">\n\t\t\t\t\t<div id=\"elementor-tab-title-1182\" class=\"elementor-tab-title\" data-tab=\"2\" role=\"button\" aria-controls=\"elementor-tab-content-1182\" aria-expanded=\"false\">\n\t\t\t\t\t\t\t\t\t\t\t\t\t<span class=\"elementor-accordion-icon elementor-accordion-icon-left\" aria-hidden=\"true\">\n\t\t\t\t\t\t\t\t\t\t\t\t\t\t\t<span class=\"elementor-accordion-icon-closed\"><svg class=\"e-font-icon-svg e-fas-plus\" viewbox=\"0 0 448 512\" xmlns=\"http:\/\/www.w3.org\/2000\/svg\"><path d=\"M416 208H272V64c0-17.67-14.33-32-32-32h-32c-17.67 0-32 14.33-32 32v144H32c-17.67 0-32 14.33-32 32v32c0 17.67 14.33 32 32 32h144v144c0 17.67 14.33 32 32 32h32c17.67 0 32-14.33 32-32V304h144c17.67 0 32-14.33 32-32v-32c0-17.67-14.33-32-32-32z\"><\/path><\/svg><\/span>\n\t\t\t\t\t\t\t\t<span class=\"elementor-accordion-icon-opened\"><svg class=\"e-font-icon-svg e-fas-minus\" viewbox=\"0 0 448 512\" xmlns=\"http:\/\/www.w3.org\/2000\/svg\"><path d=\"M416 208H32c-17.67 0-32 14.33-32 32v32c0 17.67 14.33 32 32 32h384c17.67 0 32-14.33 32-32v-32c0-17.67-14.33-32-32-32z\"><\/path><\/svg><\/span>\n\t\t\t\t\t\t\t\t\t\t\t\t\t\t<\/span>\n\t\t\t\t\t\t\t\t\t\t\t\t<a class=\"elementor-accordion-title\" tabindex=\"0\">Jeux divers 30 jeux 200 niveaux<\/a>\n\t\t\t\t\t<\/div>\n\t\t\t\t\t<div id=\"elementor-tab-content-1182\" class=\"elementor-tab-content elementor-clearfix\" data-tab=\"2\" role=\"region\" aria-labelledby=\"elementor-tab-title-1182\">Les \u00e9tages contr\u00f4l\u00e9s activement par le jeu peuvent offrir des param\u00e8tres de jeu personnalisables, permettant aux joueurs de personnaliser les niveaux de difficult\u00e9 et les modes de jeu. Cela rend les jeux plus difficiles et r\u00e9compense les joueurs pour leurs comp\u00e9tences.<\/div>\n\t\t\t\t<\/div>\n\t\t\t\t\t\t\t<div class=\"elementor-accordion-item\">\n\t\t\t\t\t<div id=\"elementor-tab-title-1183\" class=\"elementor-tab-title\" data-tab=\"3\" role=\"button\" aria-controls=\"elementor-tab-content-1183\" aria-expanded=\"false\">\n\t\t\t\t\t\t\t\t\t\t\t\t\t<span class=\"elementor-accordion-icon elementor-accordion-icon-left\" aria-hidden=\"true\">\n\t\t\t\t\t\t\t\t\t\t\t\t\t\t\t<span class=\"elementor-accordion-icon-closed\"><svg class=\"e-font-icon-svg e-fas-plus\" viewbox=\"0 0 448 512\" xmlns=\"http:\/\/www.w3.org\/2000\/svg\"><path d=\"M416 208H272V64c0-17.67-14.33-32-32-32h-32c-17.67 0-32 14.33-32 32v144H32c-17.67 0-32 14.33-32 32v32c0 17.67 14.33 32 32 32h144v144c0 17.67 14.33 32 32 32h32c17.67 0 32-14.33 32-32V304h144c17.67 0 32-14.33 32-32v-32c0-17.67-14.33-32-32-32z\"><\/path><\/svg><\/span>\n\t\t\t\t\t\t\t\t<span class=\"elementor-accordion-icon-opened\"><svg class=\"e-font-icon-svg e-fas-minus\" viewbox=\"0 0 448 512\" xmlns=\"http:\/\/www.w3.org\/2000\/svg\"><path d=\"M416 208H32c-17.67 0-32 14.33-32 32v32c0 17.67 14.33 32 32 32h384c17.67 0 32-14.33 32-32v-32c0-17.67-14.33-32-32-32z\"><\/path><\/svg><\/span>\n\t\t\t\t\t\t\t\t\t\t\t\t\t\t<\/span>\n\t\t\t\t\t\t\t\t\t\t\t\t<a class=\"elementor-accordion-title\" tabindex=\"0\">Jeux multijoueurs<\/a>\n\t\t\t\t\t<\/div>\n\t\t\t\t\t<div id=\"elementor-tab-content-1183\" class=\"elementor-tab-content elementor-clearfix\" data-tab=\"3\" role=\"region\" aria-labelledby=\"elementor-tab-title-1183\">Les \u00e9tages de jeux actifs peuvent accueillir plusieurs joueurs en m\u00eame temps, ce qui les rend id\u00e9aux pour les f\u00eates et les \u00e9v\u00e9nements sociaux. Les joueurs peuvent s&#039;affronter ou travailler ensemble vers un objectif commun.<\/div>\n\t\t\t\t<\/div>\n\t\t\t\t\t\t\t\t\t\t<script type=\"application\/ld+json\">{\"@context\":\"https:\\\/\\\/schema.org\",\"@type\":\"FAQPage\",\"mainEntity\":[{\"@type\":\"Question\",\"name\":\"Interaktives Gameplay\",\"acceptedAnswer\":{\"@type\":\"Answer\",\"text\":\"Aktive Spiel-LED-B\\u00f6den bieten ein interaktives Spielerlebnis, das herk\\u00f6mmliche LED-B\\u00f6den nicht bieten. Die Spieler k\\u00f6nnen sich frei bewegen und sich aktiv am Spiel beteiligen, wodurch es noch mehr Spa\\u00df macht und spannender wird.\"}},{\"@type\":\"Question\",\"name\":\"Verschiedene Spiele  30 Spiele 200 Level\",\"acceptedAnswer\":{\"@type\":\"Answer\",\"text\":\"Aktiv spielgesteuerte B\\u00f6den k\\u00f6nnen anpassbare Spieleinstellungen bieten, sodass Spieler Schwierigkeitsgrade und Spielmodi anpassen k\\u00f6nnen. Dies macht die Spiele anspruchsvoller und belohnt die Spieler f\\u00fcr ihre F\\u00e4higkeit\"}},{\"@type\":\"Question\",\"name\":\"Multiplayer-Gaming\",\"acceptedAnswer\":{\"@type\":\"Answer\",\"text\":\"Aktive Spielb\\u00f6den bieten Platz f\\u00fcr mehrere Spieler gleichzeitig und sind daher ideal f\\u00fcr Partys und gesellschaftliche Veranstaltungen. Spieler k\\u00f6nnen gegeneinander antreten oder gemeinsam auf ein gemeinsames Ziel hinarbeiten.\"}}]}<\/script>\n\t\t\t\t\t<\/div>\n\t\t\t\t\t\t<\/div>\n\t\t\t\t<\/div>\n\t\t\t\t\t<\/div>\n\t\t\t\t<\/div>\n\t\t\t\t<\/div>","protected":false},"excerpt":{"rendered":"<ul>\n<li>Installation rapide<\/li>\n<li>Joueurs individuels ou en groupe<\/li>\n<li>Divers effets et \u00e9l\u00e9ments de jeu<\/li>\n<li>30 jeux 200 niveaux<\/li>\n<li>Plusieurs m\u00e9thodes de contr\u00f4le<\/li>\n<li>Mat\u00e9riel de haute qualit\u00e9<\/li>\n<\/ul>","protected":false},"featured_media":16275,"comment_status":"open","ping_status":"closed","template":"","meta":[],"product_cat":[74],"product_tag":[],"class_list":{"0":"post-16274","1":"product","2":"type-product","3":"status-publish","4":"has-post-thumbnail","6":"product_cat-magnetische-led-tanzboden","8":"first","9":"instock","10":"shipping-taxable","11":"product-type-simple"},"_links":{"self":[{"href":"https:\/\/besonix.ch\/fr\/wp-json\/wp\/v2\/product\/16274","targetHints":{"allow":["GET"]}}],"collection":[{"href":"https:\/\/besonix.ch\/fr\/wp-json\/wp\/v2\/product"}],"about":[{"href":"https:\/\/besonix.ch\/fr\/wp-json\/wp\/v2\/types\/product"}],"replies":[{"embeddable":true,"href":"https:\/\/besonix.ch\/fr\/wp-json\/wp\/v2\/comments?post=16274"}],"version-history":[{"count":18,"href":"https:\/\/besonix.ch\/fr\/wp-json\/wp\/v2\/product\/16274\/revisions"}],"predecessor-version":[{"id":18263,"href":"https:\/\/besonix.ch\/fr\/wp-json\/wp\/v2\/product\/16274\/revisions\/18263"}],"wp:featuredmedia":[{"embeddable":true,"href":"https:\/\/besonix.ch\/fr\/wp-json\/wp\/v2\/media\/16275"}],"wp:attachment":[{"href":"https:\/\/besonix.ch\/fr\/wp-json\/wp\/v2\/media?parent=16274"}],"wp:term":[{"taxonomy":"product_cat","embeddable":true,"href":"https:\/\/besonix.ch\/fr\/wp-json\/wp\/v2\/product_cat?post=16274"},{"taxonomy":"product_tag","embeddable":true,"href":"https:\/\/besonix.ch\/fr\/wp-json\/wp\/v2\/product_tag?post=16274"}],"curies":[{"name":"wp","href":"https:\/\/api.w.org\/{rel}","templated":true}]}}