{"id":4400,"date":"2021-10-12T15:51:09","date_gmt":"2021-10-12T15:51:09","guid":{"rendered":"http:\/\/dummy.xtemos.com\/woodmart2\/elementor\/?page_id=4400"},"modified":"2024-01-09T14:50:36","modified_gmt":"2024-01-09T14:50:36","slug":"uber-uns","status":"publish","type":"page","link":"https:\/\/besonix.ch\/fr\/uber-uns\/","title":{"rendered":"\u00c0 propos de nous"},"content":{"rendered":"<div data-elementor-type=\"wp-page\" data-elementor-id=\"4400\" class=\"elementor elementor-4400\">\n\t\t\t\t\t\t<section class=\"elementor-section elementor-top-section elementor-element elementor-element-68233a83 wd-section-stretch elementor-section-content-middle elementor-section-boxed elementor-section-height-default elementor-section-height-default\" data-id=\"68233a83\" data-element_type=\"section\">\n\t\t\t\t\t\t<div class=\"elementor-container elementor-column-gap-extended\">\n\t\t\t\t\t<div class=\"elementor-column elementor-col-50 elementor-top-column elementor-element elementor-element-78acbcc\" data-id=\"78acbcc\" data-element_type=\"column\">\n\t\t\t<div class=\"elementor-widget-wrap elementor-element-populated\">\n\t\t\t\t\t\t<div class=\"elementor-element elementor-element-4f1c7ae1 elementor-widget elementor-widget-image\" data-id=\"4f1c7ae1\" data-element_type=\"widget\" data-widget_type=\"image.default\">\n\t\t\t\t<div class=\"elementor-widget-container\">\n\t\t\t\t\t\t\t\t\t\t\t\t\t\t\t<img fetchpriority=\"high\" decoding=\"async\" width=\"800\" height=\"800\" src=\"https:\/\/besonix.ch\/wp-content\/uploads\/2024\/01\/Unknown-2.png\" class=\"attachment-large size-large wp-image-16288\" alt=\"\" \/>\t\t\t\t\t\t\t\t\t\t\t\t\t\t\t<\/div>\n\t\t\t\t<\/div>\n\t\t\t\t\t<\/div>\n\t\t<\/div>\n\t\t\t\t<div class=\"elementor-column elementor-col-50 elementor-top-column elementor-element elementor-element-3608bbe8\" data-id=\"3608bbe8\" data-element_type=\"column\">\n\t\t\t<div class=\"elementor-widget-wrap elementor-element-populated\">\n\t\t\t\t\t\t<div class=\"elementor-element elementor-element-23bb38a7 elementor-widget elementor-widget-wd_text_block\" data-id=\"23bb38a7\" data-element_type=\"widget\" data-widget_type=\"wd_text_block.default\">\n\t\t\t\t<div class=\"elementor-widget-container\">\n\t\t\t\t\t\t\t<div class=\"wd-text-block reset-last-child text-left\">\n\t\t\t\n\t\t\t<h3>\u00c0 propos de nous<\/h3><p>Besonix est une entreprise technologique innovante sp\u00e9cialis\u00e9e dans les solutions d&#039;\u00e9clairage LED et les \u00e9crans LED. Besonix a acquis une position de leader dans l&#039;industrie gr\u00e2ce \u00e0 son expertise et \u00e0 son exp\u00e9rience accumul\u00e9es en combinaison avec une technologie de pointe.<\/p><p><span style=\"text-decoration: underline;\"><strong>Notre vision et notre mission<\/strong><\/span><\/p><p style=\"font-weight: 400;\">Chez Besonix, nous nous effor\u00e7ons de fa\u00e7onner l\u2019avenir des solutions d\u2019\u00e9clairage et d\u2019affichage. En gardant \u00e0 l\u2019esprit les propri\u00e9t\u00e9s uniques de la technologie LED, nous nous effor\u00e7ons de fournir \u00e0 nos clients des produits personnalisables, \u00e9conomes en \u00e9nergie et respectueux de l\u2019environnement.<\/p><p style=\"font-weight: 400;\">Nous fabriquons des produits d&#039;\u00e9clairage LED et des \u00e9crans LED haut de gamme en gardant \u00e0 l&#039;esprit la plus haute qualit\u00e9 et la satisfaction du client. En combinant la technologie avec les derni\u00e8res tendances, nous nous effor\u00e7ons de d\u00e9passer les attentes de nos partenaires commerciaux et de nos clients.<\/p><p style=\"font-weight: 400;\">Tout sous un m\u00eame toit pour offrir la meilleure solution produit au meilleur prix. Nous nous occupons de tout de A \u00e0 Z, de l&#039;inspiration \u00e0 l&#039;installation et au service. Il n\u2019y a pas de projet trop grand ou trop petit pour nous.<\/p><p style=\"font-weight: 400;\">Avec le bon travail pour fournir les outils, les comp\u00e9tences et l\u2019exp\u00e9rience n\u00e9cessaires pour r\u00e9aliser la conception, la construction, l\u2019installation et le service, nous garantissons que le travail est bien fait. Nous travaillons en \u00e9troite collaboration avec plusieurs de nos clients pour \u00e9tablir des relations solides et durables et garantir qu&#039;un projet achev\u00e9 r\u00e9pond ou d\u00e9passe toutes nos attentes.<\/p><p style=\"font-weight: 400;\">Nous accordons beaucoup d&#039;attention \u00e0 l&#039;environnement du lieu ainsi qu&#039;\u00e0 l&#039;environnement et aux \u00e9ventuels d\u00e9fis auxquels nous pourrions \u00eatre confront\u00e9s au cours du projet.<\/p>\n\t\t\t\t\t<\/div>\n\t\t\t\t\t\t<\/div>\n\t\t\t\t<\/div>\n\t\t\t\t<div class=\"elementor-element elementor-element-53de7626 elementor-widget__width-initial elementor-widget elementor-widget-button\" data-id=\"53de7626\" data-element_type=\"widget\" data-widget_type=\"button.default\">\n\t\t\t\t<div class=\"elementor-widget-container\">\n\t\t\t\t\t\t\t\t\t<div class=\"elementor-button-wrapper\">\n\t\t\t\t\t<a class=\"elementor-button elementor-button-link elementor-size-sm\" href=\"https:\/\/besonix.ch\/fr\/uber-uns\/\">\n\t\t\t\t\t\t<span class=\"elementor-button-content-wrapper\">\n\t\t\t\t\t\t\t\t\t<span class=\"elementor-button-text\">DEMANDE NON ENGAGEANTE <\/span>\n\t\t\t\t\t<\/span>\n\t\t\t\t\t<\/a>\n\t\t\t\t<\/div>\n\t\t\t\t\t\t\t\t<\/div>\n\t\t\t\t<\/div>\n\t\t\t\t<div class=\"elementor-element elementor-element-33ea1f64 elementor-widget__width-initial elementor-widget elementor-widget-button\" data-id=\"33ea1f64\" data-element_type=\"widget\" data-widget_type=\"button.default\">\n\t\t\t\t<div class=\"elementor-widget-container\">\n\t\t\t\t\t\t\t\t\t<div class=\"elementor-button-wrapper\">\n\t\t\t\t\t<a class=\"elementor-button elementor-button-link elementor-size-sm\" href=\"https:\/\/wa.me\/+41798760204\" target=\"_blank\" rel=\"noopener\">\n\t\t\t\t\t\t<span class=\"elementor-button-content-wrapper\">\n\t\t\t\t\t\t\t\t\t<span class=\"elementor-button-text\">Assistance WhatsApp<\/span>\n\t\t\t\t\t<\/span>\n\t\t\t\t\t<\/a>\n\t\t\t\t<\/div>\n\t\t\t\t\t\t\t\t<\/div>\n\t\t\t\t<\/div>\n\t\t\t\t\t<\/div>\n\t\t<\/div>\n\t\t\t\t\t<\/div>\n\t\t<\/section>\n\t\t\t\t<\/div>","protected":false},"excerpt":{"rendered":"<p>\u00dcber Uns Besonix ist ein innovatives Technologieunternehmen, das sich auf LED-Beleuchtungsl\u00f6sungen und LED-Displays spezialisiert hat. Besonix mit seinem kumulierten Fachwissen<\/p>","protected":false},"author":1,"featured_media":0,"parent":0,"menu_order":0,"comment_status":"closed","ping_status":"closed","template":"","meta":{"footnotes":""},"class_list":["post-4400","page","type-page","status-publish","hentry"],"_links":{"self":[{"href":"https:\/\/besonix.ch\/fr\/wp-json\/wp\/v2\/pages\/4400","targetHints":{"allow":["GET"]}}],"collection":[{"href":"https:\/\/besonix.ch\/fr\/wp-json\/wp\/v2\/pages"}],"about":[{"href":"https:\/\/besonix.ch\/fr\/wp-json\/wp\/v2\/types\/page"}],"author":[{"embeddable":true,"href":"https:\/\/besonix.ch\/fr\/wp-json\/wp\/v2\/users\/1"}],"replies":[{"embeddable":true,"href":"https:\/\/besonix.ch\/fr\/wp-json\/wp\/v2\/comments?post=4400"}],"version-history":[{"count":22,"href":"https:\/\/besonix.ch\/fr\/wp-json\/wp\/v2\/pages\/4400\/revisions"}],"predecessor-version":[{"id":16608,"href":"https:\/\/besonix.ch\/fr\/wp-json\/wp\/v2\/pages\/4400\/revisions\/16608"}],"wp:attachment":[{"href":"https:\/\/besonix.ch\/fr\/wp-json\/wp\/v2\/media?parent=4400"}],"curies":[{"name":"wp","href":"https:\/\/api.w.org\/{rel}","templated":true}]}}