{"id":18083,"date":"2024-12-27T21:12:40","date_gmt":"2024-12-27T21:12:40","guid":{"rendered":"https:\/\/besonix.ch\/?page_id=18083"},"modified":"2024-12-27T21:12:41","modified_gmt":"2024-12-27T21:12:41","slug":"dancefloor-hits-80er","status":"publish","type":"page","link":"https:\/\/besonix.ch\/fr\/dancefloor-hits-80er\/","title":{"rendered":"Dancefloor Hits 80er"},"content":{"rendered":"<p>Wer erinnert sich nicht an die legend\u00e4ren Dancefloor-Hits der 80er Jahre? Diese pulsierenden, mitrei\u00dfenden Melodien haben eine ganz besondere Anziehungskraft und eine Faszination, die bis heute andauert. Als erfahrener Musikliebhaber und Schreiber m\u00f6chte ich in diesem Artikel die Bedeutung dieser Dancefloor-Hits f\u00fcr die Musikgeschichte beleuchten und erkl\u00e4ren, warum sie auch Jahrzehnte sp\u00e4ter noch so beliebt sind.<\/p>\n\n\n\n<p>In den 80er Jahren erlebte die Musikszene einen wahren Boom an tanzbaren, elektronischen Kl\u00e4ngen. Produzenten und K\u00fcnstler experimentierten mit neuen Synthesizern, Drumcomputern und Sampling-Technologien, um einen einzigartigen Sound zu kreieren, der die Massen auf die Tanzfl\u00e4chen lockte. Diese Dancefloor-Hits waren mehr als nur simple Tanzmusik &#8211; sie spiegelten den Zeitgeist einer ganzen Generation wider und pr\u00e4gten die Popkultur nachhaltig.<\/p>\n\n\n\n<p>Viele dieser Dancefloor-Klassiker sind heute noch fester Bestandteil der Playlists in Clubs und auf Partys. Sie l\u00f6sen bei den H\u00f6rern Nostalgie, Freude und pure Lebensfreude aus. Aber was genau macht diese Musik so zeitlos und einzigartig? Lassen Sie uns gemeinsam tiefer in dieses Thema eintauchen.<\/p>\n\n\n\n<h2 class=\"wp-block-heading\">Warum Dancefloor-Hits der 80er immer noch beliebt sind<\/h2>\n\n\n\n<p>Einer der Hauptgr\u00fcnde f\u00fcr die anhaltende Beliebtheit der Dancefloor-Hits der 80er Jahre ist sicherlich ihre unvergleichliche Energie und Tanzbarkeit. Diese Tracks wurden speziell f\u00fcr die Tanzfl\u00e4che konzipiert und haben einen Groove, der einfach unwiderstehlich ist. Egal ob &#8222;Wake Me Up Before You Go-Go&#8220; von Wham!, &#8222;I Wanna Dance with Somebody&#8220; von Whitney Houston oder &#8222;Girls Just Want to Have Fun&#8220; von Cyndi Lauper &#8211; die Melodien und Rhythmen sind so mitrei\u00dfend, dass man unweigerlich anf\u00e4ngt, mitzutanzen.<\/p>\n\n\n\n<p>Dar\u00fcber hinaus haben viele dieser Dancefloor-Hits eine ganz besondere Ausstrahlung und Authentizit\u00e4t. Sie spiegeln den Lebensstil und die Stimmung der 80er Jahre wider &#8211; eine Zeit, in der Spa\u00df, Exzess und Hedonismus an der Tagesordnung waren. Viele der K\u00fcnstler verk\u00f6rperten diesen Zeitgeist mit ihrer Musik, ihrer Optik und ihrem Auftreten. Das macht die Lieder zu einem Fenster in eine vergangene \u00c4ra, die von vielen Menschen heute noch sehr gesch\u00e4tzt wird.<\/p>\n\n\n\n<p>Nicht zu untersch\u00e4tzen ist auch der Einfluss, den diese Dancefloor-Hits auf die Entwicklung der Popmusik hatten. Sie pr\u00e4gten den Sound einer ganzen Dekade und inspirierten nachfolgende Generationen von Musikern. Viele der damaligen Produktions- und Songwriting-Techniken sind bis heute in der Musikindustrie relevant und haben die Arbeit heutiger K\u00fcnstler und Produzenten ma\u00dfgeblich beeinflusst.<\/p>\n\n\n\n<h2 class=\"wp-block-heading\">Die Entwicklung des Dancefloor-Genres in den 80er Jahren<\/h2>\n\n\n\n<p>In den 80er Jahren erlebte das Dancefloor-Genre eine wahre Bl\u00fctezeit. Ausgehend von den Discokl\u00e4ngen der 70er Jahre entwickelten sich neue, innovative Sounds, die den Zeitgeist perfekt widerspiegelten. Synthesizer, Drumcomputer und andere elektronische Instrumente wurden immer erschwinglicher und erm\u00f6glichten es Produzenten, einen einzigartigen, tanzbaren Sound zu kreieren.<\/p>\n\n\n\n<p>Gleichzeitig erfuhr das Genre auch eine stilistische Diversifizierung. Neben dem pulsierenden, energiegeladenen Dancefloor-Sound entstanden auch subtilere, atmosph\u00e4rischere Varianten wie der Synthie-Pop oder der New Wave. K\u00fcnstler wie Depeche Mode, The Cure oder New Order pr\u00e4gten mit ihren Hits diese Spielarten des Dancefloor-Genres und brachten eine neue, d\u00fcstere \u00c4sthetik in die Popmusik.<\/p>\n\n\n\n<p>Trotz dieser Vielfalt hatten die meisten Dancefloor-Hits der 80er Jahre eines gemeinsam: Sie waren tanzbar, mitrei\u00dfend und voller Lebensfreude. Egal ob man zu den Kl\u00e4ngen von &#8222;Let&#8217;s Groove&#8220; von Earth, Wind &amp; Fire oder &#8222;Don&#8217;t You (Forget About Me)&#8220; von Simple Minds tanzte &#8211; die Energie und der Spa\u00df standen immer im Vordergrund. Kein Wunder also, dass diese Musik auch Jahrzehnte sp\u00e4ter noch so beliebt ist.<\/p>\n\n\n\n<h2 class=\"wp-block-heading\">Einfluss von Dancefloor-Hits der 80er Jahre auf die heutige Musikszene<\/h2>\n\n\n\n<p>Die Dancefloor-Hits der 80er Jahre haben die Popmusik bis heute nachhaltig gepr\u00e4gt. Viele der damaligen Produktions- und Songwriting-Techniken finden sich auch in der heutigen Musik wieder. Der Einsatz von Synthesizern, Drumcomputern und Sampling-Technologien ist in der modernen Popmusik allgegenw\u00e4rtig und wurde ma\u00dfgeblich von den Pionieren der 80er Jahre beeinflusst.<\/p>\n\n\n\n<p>Dar\u00fcber hinaus haben die ikonischen Dancefloor-Klassiker auch den Stil und die \u00c4sthetik heutiger K\u00fcnstler gepr\u00e4gt. Die bunte, exzentrische Mode der 80er, die unverkennbaren Tanzchoreografien und die energiegeladenen Live-Auftritte sind in vielen zeitgen\u00f6ssischen Musikvideos und B\u00fchnenshows zu finden. K\u00fcnstler wie The Weeknd, Dua Lipa oder The Weeknd zollen den 80er-Jahre-Hits mit ihren Sounds und Looks ganz offen Tribut.<\/p>\n\n\n\n<p>Aber nicht nur in der Popmusik, sondern auch in anderen Bereichen der Popkultur sind die Dancefloor-Hits der 80er Jahre pr\u00e4sent. In Filmen, Serien und Werbespots werden diese Lieder immer wieder verwendet, um eine nostalgische, mitrei\u00dfende Stimmung zu erzeugen. Sie haben sich zu zeitlosen Klassikern entwickelt, die eine ganze Generation gepr\u00e4gt haben und auch heute noch begeistern.Wenn auch Sie die Magie der 80er-Jahre-Dancefloor-Hits erleben m\u00f6chten, dann z\u00f6gern Sie nicht und h\u00f6ren Sie sich unsere Playlist mit den besten Hits an. Lassen Sie sich von den pulsierenden Rhythmen und eing\u00e4ngigen Melodien in Bewegung versetzen und tauchen Sie ein in eine \u00c4ra voller Lebensfreude und Spa\u00df.- Die Bedeutung von Dancefloor-Hits der 80er Jahre &#8211; Warum Dancefloor-Hits der 80er immer noch beliebt sind &#8211; Die Entwicklung des Dancefloor-Genres in den 80er Jahren &#8211; Einfluss von Dancefloor-Hits der 80er Jahre auf die heutige Musikszene<\/p>","protected":false},"excerpt":{"rendered":"<p>Wer erinnert sich nicht an die legend\u00e4ren Dancefloor-Hits der 80er Jahre? Diese pulsierenden, mitrei\u00dfenden Melodien haben eine ganz besondere Anziehungskraft<\/p>","protected":false},"author":1,"featured_media":17104,"parent":0,"menu_order":0,"comment_status":"closed","ping_status":"closed","template":"","meta":{"footnotes":""},"class_list":["post-18083","page","type-page","status-publish","has-post-thumbnail","hentry"],"_links":{"self":[{"href":"https:\/\/besonix.ch\/fr\/wp-json\/wp\/v2\/pages\/18083","targetHints":{"allow":["GET"]}}],"collection":[{"href":"https:\/\/besonix.ch\/fr\/wp-json\/wp\/v2\/pages"}],"about":[{"href":"https:\/\/besonix.ch\/fr\/wp-json\/wp\/v2\/types\/page"}],"author":[{"embeddable":true,"href":"https:\/\/besonix.ch\/fr\/wp-json\/wp\/v2\/users\/1"}],"replies":[{"embeddable":true,"href":"https:\/\/besonix.ch\/fr\/wp-json\/wp\/v2\/comments?post=18083"}],"version-history":[{"count":1,"href":"https:\/\/besonix.ch\/fr\/wp-json\/wp\/v2\/pages\/18083\/revisions"}],"predecessor-version":[{"id":18084,"href":"https:\/\/besonix.ch\/fr\/wp-json\/wp\/v2\/pages\/18083\/revisions\/18084"}],"wp:featuredmedia":[{"embeddable":true,"href":"https:\/\/besonix.ch\/fr\/wp-json\/wp\/v2\/media\/17104"}],"wp:attachment":[{"href":"https:\/\/besonix.ch\/fr\/wp-json\/wp\/v2\/media?parent=18083"}],"curies":[{"name":"wp","href":"https:\/\/api.w.org\/{rel}","templated":true}]}}