{"id":18068,"date":"2024-12-27T21:05:34","date_gmt":"2024-12-27T21:05:34","guid":{"rendered":"https:\/\/besonix.ch\/?page_id=18068"},"modified":"2024-12-27T21:05:35","modified_gmt":"2024-12-27T21:05:35","slug":"dancefloor-80er","status":"publish","type":"page","link":"https:\/\/besonix.ch\/fr\/dancefloor-80er\/","title":{"rendered":"Dancefloor 80er"},"content":{"rendered":"<p>In den 80er Jahren erlebte der Dancefloor einen wahren Aufschwung. Es war eine Zeit, in der Musik nicht nur zum H\u00f6ren, sondern vor allem zum Tanzen geschaffen wurde. Der Dancefloor wurde zum Epizentrum der Popkultur, an dem sich Menschen aller Altersgruppen versammelten, um ihre Leidenschaft f\u00fcr Rhythmus und Bewegung auszuleben.<\/p>\n\n\n\n<p>F\u00fcr viele war der Dancefloor ein Ort der Selbstfindung und des Ausdrucks. Hier konnte man sich frei von gesellschaftlichen Zw\u00e4ngen bewegen und den Alltag hinter sich lassen. Der Dancefloor war ein Schmelztiegel der Kreativit\u00e4t, in dem neue Tanzstile und Moves entstanden, die bis heute nachwirken.<\/p>\n\n\n\n<p>Dar\u00fcber hinaus war der Dancefloor auch ein Ort des sozialen Miteinanders. Hier trafen sich Menschen, um gemeinsam zu feiern, neue Bekanntschaften zu kn\u00fcpfen und Freundschaften zu vertiefen. Der Dancefloor wurde zum Sinnbild einer Generation, die nach Freiheit, Spa\u00df und Gemeinschaft strebte.<\/p>\n\n\n\n<h2 class=\"wp-block-heading\">Die Entwicklung des Dancefloor in den 80er Jahren<\/h2>\n\n\n\n<p>Die 80er Jahre waren eine Zeit des rasanten technologischen Fortschritts, der auch die Musikindustrie revolutionierte. Mit der Einf\u00fchrung von Synthesizern, Drumcomputern und digitalen Aufnahmeverfahren entstand eine neue \u00c4ra der elektronischen Tanzmusik.<\/p>\n\n\n\n<p>Genres wie Disco, Funk, New Wave und Synth-Pop eroberten die Dancefloors und brachten eine Vielzahl an innovativen Sounds hervor. Produzenten wie Giorgio Moroder, Trevor Horn und Nile Rodgers pr\u00e4gten den Dancefloor-Sound der Dekade mit ihren futuristischen Produktionen.<\/p>\n\n\n\n<p>Gleichzeitig wurde der Dancefloor auch zum Schauplatz gesellschaftlicher Ver\u00e4nderungen. Die LGBTQ+-Community fand hier einen sicheren Raum, um ihre Identit\u00e4t zu feiern und zu leben. Auch die Emanzipation der Frau spiegelte sich in den selbstbewussten Auftritten weiblicher K\u00fcnstlerinnen wie Madonna oder Cyndi Lauper wider.<\/p>\n\n\n\n<p>Der Dancefloor der 80er Jahre war somit weit mehr als nur ein Ort des Tanzens. Er wurde zu einem Brennpunkt kultureller und sozialer Entwicklungen, die bis heute nachwirken.<\/p>\n\n\n\n<h2 class=\"wp-block-heading\">Die popul\u00e4rsten Dancefloor-Songs der 80er Jahre<\/h2>\n\n\n\n<p>Die 80er Jahre brachten eine Vielzahl an ikonischen Dancefloor-Hits hervor, die bis heute in den Clubs und auf Partys gespielt werden. Hier sind einige der bekanntesten Titel:<\/p>\n\n\n\n<ol class=\"wp-block-list\">\n<li>&#8222;Let&#8217;s Dance&#8220; von David Bowie<\/li>\n\n\n\n<li>&#8222;Girls Just Want to Have Fun&#8220; von Cyndi Lauper<\/li>\n\n\n\n<li>&#8222;I Wanna Dance with Somebody&#8220; von Whitney Houston<\/li>\n\n\n\n<li>&#8222;Karma Chameleon&#8220; von Culture Club<\/li>\n\n\n\n<li>&#8222;Wake Me Up Before You Go-Go&#8220; von Wham!<\/li>\n\n\n\n<li>&#8222;Like a Virgin&#8220; von Madonna<\/li>\n\n\n\n<li>&#8222;Don&#8217;t You (Forget About Me)&#8220; von Simple Minds<\/li>\n\n\n\n<li>&#8222;Safety Dance&#8220; von Men Without Hats<\/li>\n\n\n\n<li>&#8222;The Safety Dance&#8220; von Men Without Hats<\/li>\n\n\n\n<li>&#8222;Take On Me&#8220; von a-ha<\/li>\n<\/ol>\n\n\n\n<p>Diese Titel stehen stellvertretend f\u00fcr den Facettenreichtum des Dancefloor-Sounds der 80er Jahre. Von pulsierenden Disco-Hymnen \u00fcber New-Wave-Klassiker bis hin zu Pop-Anthemen &#8211; diese Songs haben die Tanzfl\u00e4chen dieser \u00c4ra gepr\u00e4gt und sind bis heute in den K\u00f6pfen der Menschen verankert.<\/p>\n\n\n\n<h2 class=\"wp-block-heading\">Die einflussreichsten Dancefloor-K\u00fcnstler der 80er Jahre<\/h2>\n\n\n\n<p>Die 80er Jahre brachten eine Vielzahl an charismatischen Dancefloor-K\u00fcnstlern hervor, die den Sound und die Kultur dieser \u00c4ra ma\u00dfgeblich pr\u00e4gten. Einige der einflussreichsten Protagonisten waren:<\/p>\n\n\n\n<p><strong>Madonna<\/strong>: Die &#8222;Queen of Pop&#8220; revolutionierte mit ihren selbstbewussten Auftritten und provokanten Musikvideos den Dancefloor. Ihre Hits wie &#8222;Like a Virgin&#8220; und &#8222;Material Girl&#8220; wurden zu Hymnen einer ganzen Generation.<\/p>\n\n\n\n<p><strong>Michael Jackson<\/strong>: Als &#8222;King of Pop&#8220; setzte Michael Jackson neue Ma\u00dfst\u00e4be in puncto B\u00fchnenpr\u00e4senz und Tanzperformance. Sein Moonwalk und andere ikonische Moves wurden zu Markenzeichen des Dancefloor-Geschehens.<\/p>\n\n\n\n<p><strong>Prince<\/strong>: Der exzentrische K\u00fcnstler vereinte in seinem Schaffen Elemente von Funk, Rock und Pop und schuf so einen einzigartigen Dancefloor-Sound. Hits wie &#8222;When Doves Cry&#8220; und &#8222;Let&#8217;s Go Crazy&#8220; sind bis heute Klassiker.<\/p>\n\n\n\n<p><strong>Duran Duran<\/strong>: Die britische New-Wave-Band pr\u00e4gte mit ihren eleganten Looks und tanzbaren Synthie-Tracks den Dancefloor der 80er Jahre. Lieder wie &#8222;Rio&#8220; und &#8222;Hungry Like the Wolf&#8220; wurden zu Dancefloor-Hymnen.<\/p>\n\n\n\n<p><strong>Janet Jackson<\/strong>: Als j\u00fcngere Schwester von Michael Jackson trat Janet Jackson mit ihren energiegeladenen Performances und zeitlosen Hits wie &#8222;Nasty&#8220; und &#8222;Rhythm Nation&#8220; in die Fu\u00dfstapfen ihres ber\u00fchmten Bruders.<\/p>\n\n\n\n<p>Diese K\u00fcnstler und viele andere schufen ein Dancefloor-Erlebnis, das bis heute nachwirkt und die Popkultur nachhaltig beeinflusst hat.<\/p>\n\n\n\n<h2 class=\"wp-block-heading\">Tanzstile und Moves auf dem Dancefloor der 80er Jahre<\/h2>\n\n\n\n<p>Der Dancefloor der 80er Jahre war ein Schmelztiegel kreativer Bewegungsformen. Neben klassischen Disco-Moves wie dem &#8222;Hustle&#8220; und dem &#8222;Travolta&#8220; entstanden v\u00f6llig neue Tanzstile, die den Zeitgeist widerspiegelten.<\/p>\n\n\n\n<p>Der &#8222;Robot-Tanz&#8220; mit seinen mechanischen Bewegungen wurde zu einem Markenzeichen des New-Wave-Sounds. Der &#8222;Moonwalk&#8220; von Michael Jackson wurde zu einem der ikonischsten Tanzschritte \u00fcberhaupt.<\/p>\n\n\n\n<p>Besonders hervorzuheben sind auch die &#8222;Breakdance&#8220;-Moves, die aus der Hip-Hop-Szene auf den Dancefloor schwappten. Mit akrobatischen Elementen wie Kopfstand, Windm\u00fchle und Freeze bereicherten die Breakdancer das Tanzgeschehen um eine neue, dynamische Dimension.<\/p>\n\n\n\n<p>Dar\u00fcber hinaus pr\u00e4gten auch Tanzstile wie der &#8222;Popping&#8220; und der &#8222;Locking&#8220; den Dancefloor der 80er Jahre. Diese Stile, die aus dem Funk und Soul entstanden, zeichneten sich durch pr\u00e4gnante, ruckartige Bewegungen aus und wurden zu Markenzeichen des Dancefloor-Geschehens.<\/p>\n\n\n\n<p>Der Dancefloor der 80er Jahre war somit ein Ort der kreativen Selbstentfaltung, an dem neue Bewegungsformen entstanden und gelebt wurden. Bis heute sind viele dieser Tanzstile fester Bestandteil der Popkultur.<\/p>","protected":false},"excerpt":{"rendered":"<p>In den 80er Jahren erlebte der Dancefloor einen wahren Aufschwung. Es war eine Zeit, in der Musik nicht nur zum<\/p>","protected":false},"author":1,"featured_media":17101,"parent":0,"menu_order":0,"comment_status":"closed","ping_status":"closed","template":"","meta":{"footnotes":""},"class_list":["post-18068","page","type-page","status-publish","has-post-thumbnail","hentry"],"_links":{"self":[{"href":"https:\/\/besonix.ch\/fr\/wp-json\/wp\/v2\/pages\/18068","targetHints":{"allow":["GET"]}}],"collection":[{"href":"https:\/\/besonix.ch\/fr\/wp-json\/wp\/v2\/pages"}],"about":[{"href":"https:\/\/besonix.ch\/fr\/wp-json\/wp\/v2\/types\/page"}],"author":[{"embeddable":true,"href":"https:\/\/besonix.ch\/fr\/wp-json\/wp\/v2\/users\/1"}],"replies":[{"embeddable":true,"href":"https:\/\/besonix.ch\/fr\/wp-json\/wp\/v2\/comments?post=18068"}],"version-history":[{"count":1,"href":"https:\/\/besonix.ch\/fr\/wp-json\/wp\/v2\/pages\/18068\/revisions"}],"predecessor-version":[{"id":18069,"href":"https:\/\/besonix.ch\/fr\/wp-json\/wp\/v2\/pages\/18068\/revisions\/18069"}],"wp:featuredmedia":[{"embeddable":true,"href":"https:\/\/besonix.ch\/fr\/wp-json\/wp\/v2\/media\/17101"}],"wp:attachment":[{"href":"https:\/\/besonix.ch\/fr\/wp-json\/wp\/v2\/media?parent=18068"}],"curies":[{"name":"wp","href":"https:\/\/api.w.org\/{rel}","templated":true}]}}