{"id":16471,"date":"2024-01-09T07:50:49","date_gmt":"2024-01-09T07:50:49","guid":{"rendered":"https:\/\/besonix.ch\/?page_id=16471"},"modified":"2024-01-11T08:45:35","modified_gmt":"2024-01-11T08:45:35","slug":"startseite-produkte-ueber-uns-galerie-kontakt","status":"publish","type":"page","link":"https:\/\/besonix.ch\/fr\/startseite-produkte-ueber-uns-galerie-kontakt\/","title":{"rendered":"Accueil Produits \u00c0 propos de nous Galerie Contact"},"content":{"rendered":"<div data-elementor-type=\"wp-page\" data-elementor-id=\"16471\" class=\"elementor elementor-16471\">\n\t\t\t\t<div class=\"elementor-element elementor-element-b95f853 e-flex e-con-boxed wd-section-disabled e-con e-parent\" data-id=\"b95f853\" data-element_type=\"container\">\n\t\t\t\t\t<div class=\"e-con-inner\">\n\t\t\t\t<div class=\"elementor-element elementor-element-d54582c elementor-widget elementor-widget-wd_title\" data-id=\"d54582c\" data-element_type=\"widget\" data-widget_type=\"wd_title.default\">\n\t\t\t\t<div class=\"elementor-widget-container\">\n\t\t\t\t\t\t\t<div class=\"title-wrapper set-mb-s reset-last-child wd-title-color-primary wd-title-style-default wd-title-size-default text-center\">\n\n\t\t\t\n\t\t\t<div class=\"liner-continer\">\n\t\t\t\t<h4 class=\"woodmart-title-container title wd-fontsize-l\">Accueil Produits \u00c0 propos de nous Galerie Contact<\/h4> \n\t\t\t\t\t\t\t<\/div>\n\n\t\t\t\t\t<\/div>\n\t\t\t\t\t\t<\/div>\n\t\t\t\t<\/div>\n\t\t\t\t\t<\/div>\n\t\t\t\t<\/div>\n\t\t<div class=\"elementor-element elementor-element-336779d e-flex e-con-boxed wd-section-disabled e-con e-parent\" data-id=\"336779d\" data-element_type=\"container\">\n\t\t\t\t\t<div class=\"e-con-inner\">\n\t\t<div class=\"elementor-element elementor-element-2d94af9 e-con-full e-flex wd-section-disabled e-con e-child\" data-id=\"2d94af9\" data-element_type=\"container\">\n\t\t\t\t<div class=\"elementor-element elementor-element-b3e10db elementor-widget elementor-widget-video\" data-id=\"b3e10db\" data-element_type=\"widget\" data-settings=\"{&quot;video_type&quot;:&quot;hosted&quot;,&quot;controls&quot;:&quot;yes&quot;}\" data-widget_type=\"video.default\">\n\t\t\t\t<div class=\"elementor-widget-container\">\n\t\t\t\t\t\t\t<div class=\"e-hosted-video elementor-wrapper elementor-open-inline\">\n\t\t\t\t\t<video class=\"elementor-video\" src=\"https:\/\/besonix.ch\/wp-content\/uploads\/2024\/01\/20230615_11f74bfb862466a9_415232882421_mp4_264_sd_unlimit_taobao.mp4\" controls=\"\" preload=\"metadata\" controlslist=\"nodownload\"><\/video>\n\t\t\t\t<\/div>\n\t\t\t\t\t\t<\/div>\n\t\t\t\t<\/div>\n\t\t\t\t<\/div>\n\t\t<div class=\"elementor-element elementor-element-76f904d e-con-full e-flex wd-section-disabled e-con e-child\" data-id=\"76f904d\" data-element_type=\"container\">\n\t\t\t\t<div class=\"elementor-element elementor-element-7a9d2ad elementor-widget elementor-widget-video\" data-id=\"7a9d2ad\" data-element_type=\"widget\" data-settings=\"{&quot;video_type&quot;:&quot;hosted&quot;,&quot;controls&quot;:&quot;yes&quot;}\" data-widget_type=\"video.default\">\n\t\t\t\t<div class=\"elementor-widget-container\">\n\t\t\t\t\t\t\t<div class=\"e-hosted-video elementor-wrapper elementor-open-inline\">\n\t\t\t\t\t<video class=\"elementor-video\" src=\"https:\/\/besonix.ch\/wp-content\/uploads\/2024\/01\/LED-Dance-Boden-Video-startseite.mp4\" controls=\"\" preload=\"metadata\" controlslist=\"nodownload\"><\/video>\n\t\t\t\t<\/div>\n\t\t\t\t\t\t<\/div>\n\t\t\t\t<\/div>\n\t\t\t\t<\/div>\n\t\t\t\t\t<\/div>\n\t\t\t\t<\/div>\n\t\t<div class=\"elementor-element elementor-element-7743282 e-flex e-con-boxed wd-section-disabled e-con e-parent\" data-id=\"7743282\" data-element_type=\"container\">\n\t\t\t\t\t<div class=\"e-con-inner\">\n\t\t<div class=\"elementor-element elementor-element-5ea9ee4 e-con-full e-flex wd-section-disabled e-con e-child\" data-id=\"5ea9ee4\" data-element_type=\"container\">\n\t\t\t\t<div class=\"elementor-element elementor-element-afc6bf0 elementor-widget elementor-widget-video\" data-id=\"afc6bf0\" data-element_type=\"widget\" data-settings=\"{&quot;video_type&quot;:&quot;hosted&quot;,&quot;controls&quot;:&quot;yes&quot;}\" data-widget_type=\"video.default\">\n\t\t\t\t<div class=\"elementor-widget-container\">\n\t\t\t\t\t\t\t<div class=\"e-hosted-video elementor-wrapper elementor-open-inline\">\n\t\t\t\t\t<video class=\"elementor-video\" src=\"https:\/\/besonix.ch\/wp-content\/uploads\/2024\/01\/LED-Dance-Video-3D-infinity-1.mp4\" controls=\"\" preload=\"metadata\" controlslist=\"nodownload\"><\/video>\n\t\t\t\t<\/div>\n\t\t\t\t\t\t<\/div>\n\t\t\t\t<\/div>\n\t\t\t\t<\/div>\n\t\t<div class=\"elementor-element elementor-element-63af0d2 e-con-full e-flex wd-section-disabled e-con e-child\" data-id=\"63af0d2\" data-element_type=\"container\">\n\t\t\t\t<div class=\"elementor-element elementor-element-1f313da elementor-widget elementor-widget-video\" data-id=\"1f313da\" data-element_type=\"widget\" data-settings=\"{&quot;video_type&quot;:&quot;hosted&quot;,&quot;controls&quot;:&quot;yes&quot;}\" data-widget_type=\"video.default\">\n\t\t\t\t<div class=\"elementor-widget-container\">\n\t\t\t\t\t\t\t<div class=\"e-hosted-video elementor-wrapper elementor-open-inline\">\n\t\t\t\t\t<video class=\"elementor-video\" src=\"https:\/\/besonix.ch\/wp-content\/uploads\/2024\/01\/LED-Dance-Video-3D-infinity-2.mp4\" controls=\"\" preload=\"metadata\" controlslist=\"nodownload\"><\/video>\n\t\t\t\t<\/div>\n\t\t\t\t\t\t<\/div>\n\t\t\t\t<\/div>\n\t\t\t\t<\/div>\n\t\t\t\t\t<\/div>\n\t\t\t\t<\/div>\n\t\t\t\t<section class=\"elementor-section elementor-top-section elementor-element elementor-element-2ae5f12a elementor-section-boxed elementor-section-height-default elementor-section-height-default wd-section-disabled\" data-id=\"2ae5f12a\" data-element_type=\"section\">\n\t\t\t\t\t\t<div class=\"elementor-container elementor-column-gap-default\">\n\t\t\t\t\t<div class=\"elementor-column elementor-col-100 elementor-top-column elementor-element elementor-element-dd8bd32\" data-id=\"dd8bd32\" data-element_type=\"column\">\n\t\t\t<div class=\"elementor-widget-wrap elementor-element-populated\">\n\t\t\t\t\t\t<div class=\"elementor-element elementor-element-2fb7e194 elementor-widget elementor-widget-wd_images_gallery\" data-id=\"2fb7e194\" data-element_type=\"widget\" data-widget_type=\"wd_images_gallery.default\">\n\t\t\t\t<div class=\"elementor-widget-container\">\n\t\t\t\t\t\t\t<div class=\"wd-images-gallery wd-justify-center wd-items-middle view-masonry photoswipe-images\" >\n\t\t\t<div class=\"gallery-images row wd-spacing-6\">\n\t\t\t\t\t\t\t\t\t\t\t\t\t\t<div class=\"wd-gallery-item  col-lg-4 col-md-4 col-12\">\n\t\t\t\t\t\t\t\t\t\t\t\t\t<a  href=\"https:\/\/besonix.ch\/wp-content\/uploads\/2024\/01\/Interactive-P4.81-Led-Video-Dance-Floor.jpg\"data-width=\"900\" data-height=\"600\" data-index=\"1\" data-elementor-open-lightbox=\"no\">\n\t\t\t\t\t\t\n\t\t\t\t\t\t<img decoding=\"async\" src=\"https:\/\/besonix.ch\/wp-content\/uploads\/2024\/01\/Interactive-P4.81-Led-Video-Dance-Floor.jpg\"alt=\"Interactive-P4.81-Led-Video-Dance-Floor\">\n\t\t\t\t\t\t\t\t\t\t\t\t\t<\/a>\n\t\t\t\t\t\t\t\t\t\t\t<\/div>\n\t\t\t\t\t\t\t\t\t\t\t\t\t\t\t<div class=\"wd-gallery-item  col-lg-4 col-md-4 col-12\">\n\t\t\t\t\t\t\t\t\t\t\t\t\t<a  href=\"https:\/\/besonix.ch\/wp-content\/uploads\/2024\/01\/Interactive-P4.81-Led-Video-Dance-Floor-1.jpg\"data-width=\"900\" data-height=\"600\" data-index=\"2\" data-elementor-open-lightbox=\"no\">\n\t\t\t\t\t\t\n\t\t\t\t\t\t<img decoding=\"async\" src=\"https:\/\/besonix.ch\/wp-content\/uploads\/2024\/01\/Interactive-P4.81-Led-Video-Dance-Floor-1.jpg\"alt=\"Interactive-P4.81-Led-Video-Dance-Floor-1\">\n\t\t\t\t\t\t\t\t\t\t\t\t\t<\/a>\n\t\t\t\t\t\t\t\t\t\t\t<\/div>\n\t\t\t\t\t\t\t\t\t\t\t\t\t\t\t<div class=\"wd-gallery-item  col-lg-4 col-md-4 col-12\">\n\t\t\t\t\t\t\t\t\t\t\t\t\t<a  href=\"https:\/\/besonix.ch\/wp-content\/uploads\/2024\/01\/Interactive-P4.81-Led-Video-Dance-Floor-2.jpg\"data-width=\"900\" data-height=\"600\" data-index=\"3\" data-elementor-open-lightbox=\"no\">\n\t\t\t\t\t\t\n\t\t\t\t\t\t<img decoding=\"async\" src=\"https:\/\/besonix.ch\/wp-content\/uploads\/2024\/01\/Interactive-P4.81-Led-Video-Dance-Floor-2.jpg\"alt=\"Interactive-P4.81-Led-Video-Dance-Floor-2\">\n\t\t\t\t\t\t\t\t\t\t\t\t\t<\/a>\n\t\t\t\t\t\t\t\t\t\t\t<\/div>\n\t\t\t\t\t\t\t\t\t\t\t\t\t\t\t<div class=\"wd-gallery-item  col-lg-4 col-md-4 col-12\">\n\t\t\t\t\t\t\t\t\t\t\t\t\t<a  href=\"https:\/\/besonix.ch\/wp-content\/uploads\/2024\/01\/TP-875-Led-Screen-Dance-Floor-11.jpg\"data-width=\"600\" data-height=\"400\" data-index=\"4\" data-elementor-open-lightbox=\"no\">\n\t\t\t\t\t\t\n\t\t\t\t\t\t<img decoding=\"async\" src=\"https:\/\/besonix.ch\/wp-content\/uploads\/2024\/01\/TP-875-Led-Screen-Dance-Floor-11.jpg\"alt=\"TP-875-Led-Screen-Dance-Floor-11\">\n\t\t\t\t\t\t\t\t\t\t\t\t\t<\/a>\n\t\t\t\t\t\t\t\t\t\t\t<\/div>\n\t\t\t\t\t\t\t\t\t\t\t\t\t\t\t<div class=\"wd-gallery-item  col-lg-4 col-md-4 col-12\">\n\t\t\t\t\t\t\t\t\t\t\t\t\t<a  href=\"https:\/\/besonix.ch\/wp-content\/uploads\/2024\/01\/TP-875-Led-Screen-Dance-Floor-12.jpg\"data-width=\"900\" data-height=\"600\" data-index=\"5\" data-elementor-open-lightbox=\"no\">\n\t\t\t\t\t\t\n\t\t\t\t\t\t<img decoding=\"async\" src=\"https:\/\/besonix.ch\/wp-content\/uploads\/2024\/01\/TP-875-Led-Screen-Dance-Floor-12.jpg\"alt=\"TP-875-Led-Screen-Dance-Floor-12\">\n\t\t\t\t\t\t\t\t\t\t\t\t\t<\/a>\n\t\t\t\t\t\t\t\t\t\t\t<\/div>\n\t\t\t\t\t\t\t\t\t\t\t\t\t\t\t<div class=\"wd-gallery-item  col-lg-4 col-md-4 col-12\">\n\t\t\t\t\t\t\t\t\t\t\t\t\t<a  href=\"https:\/\/besonix.ch\/wp-content\/uploads\/2024\/01\/TP-875-Led-Screen-Dance-Floor-8.jpg\"data-width=\"900\" data-height=\"600\" data-index=\"6\" data-elementor-open-lightbox=\"no\">\n\t\t\t\t\t\t\n\t\t\t\t\t\t<img decoding=\"async\" src=\"https:\/\/besonix.ch\/wp-content\/uploads\/2024\/01\/TP-875-Led-Screen-Dance-Floor-8.jpg\"alt=\"TP-875-Led-Screen-Dance-Floor-8\">\n\t\t\t\t\t\t\t\t\t\t\t\t\t<\/a>\n\t\t\t\t\t\t\t\t\t\t\t<\/div>\n\t\t\t\t\t\t\t\t\t\t\t\t\t\t\t<div class=\"wd-gallery-item  col-lg-4 col-md-4 col-12\">\n\t\t\t\t\t\t\t\t\t\t\t\t\t<a  href=\"https:\/\/besonix.ch\/wp-content\/uploads\/2024\/01\/TP-875-Led-Screen-Dance-Floor-1.jpg\"data-width=\"900\" data-height=\"600\" data-index=\"7\" data-elementor-open-lightbox=\"no\">\n\t\t\t\t\t\t\n\t\t\t\t\t\t<img decoding=\"async\" src=\"https:\/\/besonix.ch\/wp-content\/uploads\/2024\/01\/TP-875-Led-Screen-Dance-Floor-1.jpg\"alt=\"TP-875-Led-Screen-Dance-Floor-1\">\n\t\t\t\t\t\t\t\t\t\t\t\t\t<\/a>\n\t\t\t\t\t\t\t\t\t\t\t<\/div>\n\t\t\t\t\t\t\t\t\t\t\t\t\t\t\t<div class=\"wd-gallery-item  col-lg-4 col-md-4 col-12\">\n\t\t\t\t\t\t\t\t\t\t\t\t\t<a  href=\"https:\/\/besonix.ch\/wp-content\/uploads\/2024\/01\/TP-877-Magnet-Wireless-3D-Led-Dance-Floor-1.jpg\"data-width=\"900\" data-height=\"600\" data-index=\"8\" data-elementor-open-lightbox=\"no\">\n\t\t\t\t\t\t\n\t\t\t\t\t\t<img decoding=\"async\" src=\"https:\/\/besonix.ch\/wp-content\/uploads\/2024\/01\/TP-877-Magnet-Wireless-3D-Led-Dance-Floor-1.jpg\"alt=\"TP-877-Magnet-Wireless-3D-Led-Dance-Floor-1\">\n\t\t\t\t\t\t\t\t\t\t\t\t\t<\/a>\n\t\t\t\t\t\t\t\t\t\t\t<\/div>\n\t\t\t\t\t\t\t\t\t\t\t\t\t\t\t<div class=\"wd-gallery-item  col-lg-4 col-md-4 col-12\">\n\t\t\t\t\t\t\t\t\t\t\t\t\t<a  href=\"https:\/\/besonix.ch\/wp-content\/uploads\/2024\/01\/TP-877-Magnet-Wireless-3D-Led-Dance-Floor-3.jpg\"data-width=\"900\" data-height=\"600\" data-index=\"9\" data-elementor-open-lightbox=\"no\">\n\t\t\t\t\t\t\n\t\t\t\t\t\t<img decoding=\"async\" src=\"https:\/\/besonix.ch\/wp-content\/uploads\/2024\/01\/TP-877-Magnet-Wireless-3D-Led-Dance-Floor-3.jpg\"alt=\"TP-877-Magnet-Wireless-3D-Led-Dance-Floor-3\">\n\t\t\t\t\t\t\t\t\t\t\t\t\t<\/a>\n\t\t\t\t\t\t\t\t\t\t\t<\/div>\n\t\t\t\t\t\t\t\t\t\t\t\t\t\t\t<div class=\"wd-gallery-item  col-lg-4 col-md-4 col-12\">\n\t\t\t\t\t\t\t\t\t\t\t\t\t<a  href=\"https:\/\/besonix.ch\/wp-content\/uploads\/2024\/01\/TP-877-Magnet-Wireless-3D-Led-Dance-Floor-2.jpg\"data-width=\"900\" data-height=\"600\" data-index=\"10\" data-elementor-open-lightbox=\"no\">\n\t\t\t\t\t\t\n\t\t\t\t\t\t<img decoding=\"async\" src=\"https:\/\/besonix.ch\/wp-content\/uploads\/2024\/01\/TP-877-Magnet-Wireless-3D-Led-Dance-Floor-2.jpg\"alt=\"TP-877-Magnet-Wireless-3D-Led-Dance-Floor-2\">\n\t\t\t\t\t\t\t\t\t\t\t\t\t<\/a>\n\t\t\t\t\t\t\t\t\t\t\t<\/div>\n\t\t\t\t\t\t\t\t\t\t\t\t\t\t\t<div class=\"wd-gallery-item  col-lg-4 col-md-4 col-12\">\n\t\t\t\t\t\t\t\t\t\t\t\t\t<a  href=\"https:\/\/besonix.ch\/wp-content\/uploads\/2024\/01\/TP-876-Magnet-Wireless-Sensitive-Led-Dance-Floor-1.jpg\"data-width=\"900\" data-height=\"600\" data-index=\"11\" data-elementor-open-lightbox=\"no\">\n\t\t\t\t\t\t\n\t\t\t\t\t\t<img decoding=\"async\" src=\"https:\/\/besonix.ch\/wp-content\/uploads\/2024\/01\/TP-876-Magnet-Wireless-Sensitive-Led-Dance-Floor-1.jpg\"alt=\"TP-876-Magnet-Wireless-Sensitive-Led-Dance-Floor (1)\">\n\t\t\t\t\t\t\t\t\t\t\t\t\t<\/a>\n\t\t\t\t\t\t\t\t\t\t\t<\/div>\n\t\t\t\t\t\t\t\t\t\t\t\t\t\t\t<div class=\"wd-gallery-item  col-lg-4 col-md-4 col-12\">\n\t\t\t\t\t\t\t\t\t\t\t\t\t<a  href=\"https:\/\/besonix.ch\/wp-content\/uploads\/2024\/01\/20220519193721634.jpg\"data-width=\"900\" data-height=\"600\" data-index=\"12\" data-elementor-open-lightbox=\"no\">\n\t\t\t\t\t\t\n\t\t\t\t\t\t<img decoding=\"async\" src=\"https:\/\/besonix.ch\/wp-content\/uploads\/2024\/01\/20220519193721634.jpg\"alt=\"20220519193721634\">\n\t\t\t\t\t\t\t\t\t\t\t\t\t<\/a>\n\t\t\t\t\t\t\t\t\t\t\t<\/div>\n\t\t\t\t\t\t\t\t\t\t\t\t\t\t\t<div class=\"wd-gallery-item  col-lg-4 col-md-4 col-12\">\n\t\t\t\t\t\t\t\t\t\t\t\t\t<a  href=\"https:\/\/besonix.ch\/wp-content\/uploads\/2024\/01\/20220519193725736.jpg\"data-width=\"900\" data-height=\"600\" data-index=\"13\" data-elementor-open-lightbox=\"no\">\n\t\t\t\t\t\t\n\t\t\t\t\t\t<img decoding=\"async\" src=\"https:\/\/besonix.ch\/wp-content\/uploads\/2024\/01\/20220519193725736.jpg\"alt=\"20220519193725736\">\n\t\t\t\t\t\t\t\t\t\t\t\t\t<\/a>\n\t\t\t\t\t\t\t\t\t\t\t<\/div>\n\t\t\t\t\t\t\t\t\t\t\t\t\t\t\t<div class=\"wd-gallery-item  col-lg-4 col-md-4 col-12\">\n\t\t\t\t\t\t\t\t\t\t\t\t\t<a  href=\"https:\/\/besonix.ch\/wp-content\/uploads\/2024\/01\/20201229154306962.jpg\"data-width=\"900\" data-height=\"600\" data-index=\"14\" data-elementor-open-lightbox=\"no\">\n\t\t\t\t\t\t\n\t\t\t\t\t\t<img decoding=\"async\" src=\"https:\/\/besonix.ch\/wp-content\/uploads\/2024\/01\/20201229154306962.jpg\"alt=\"20201229154306962\">\n\t\t\t\t\t\t\t\t\t\t\t\t\t<\/a>\n\t\t\t\t\t\t\t\t\t\t\t<\/div>\n\t\t\t\t\t\t\t\t\t\t\t\t\t\t\t<div class=\"wd-gallery-item  col-lg-4 col-md-4 col-12\">\n\t\t\t\t\t\t\t\t\t\t\t\t\t<a  href=\"https:\/\/besonix.ch\/wp-content\/uploads\/2024\/01\/20210128172640846.jpg\"data-width=\"900\" data-height=\"600\" data-index=\"15\" data-elementor-open-lightbox=\"no\">\n\t\t\t\t\t\t\n\t\t\t\t\t\t<img decoding=\"async\" src=\"https:\/\/besonix.ch\/wp-content\/uploads\/2024\/01\/20210128172640846.jpg\"alt=\"20210128172640846\">\n\t\t\t\t\t\t\t\t\t\t\t\t\t<\/a>\n\t\t\t\t\t\t\t\t\t\t\t<\/div>\n\t\t\t\t\t\t\t\t\t\t\t\t\t\t\t<div class=\"wd-gallery-item  col-lg-4 col-md-4 col-12\">\n\t\t\t\t\t\t\t\t\t\t\t\t\t<a  href=\"https:\/\/besonix.ch\/wp-content\/uploads\/2024\/01\/20210128172639777.jpg\"data-width=\"900\" data-height=\"600\" data-index=\"16\" data-elementor-open-lightbox=\"no\">\n\t\t\t\t\t\t\n\t\t\t\t\t\t<img decoding=\"async\" src=\"https:\/\/besonix.ch\/wp-content\/uploads\/2024\/01\/20210128172639777.jpg\"alt=\"20210128172639777\">\n\t\t\t\t\t\t\t\t\t\t\t\t\t<\/a>\n\t\t\t\t\t\t\t\t\t\t\t<\/div>\n\t\t\t\t\t\t\t\t\t\t\t\t\t\t\t<div class=\"wd-gallery-item  col-lg-4 col-md-4 col-12\">\n\t\t\t\t\t\t\t\t\t\t\t\t\t<a  href=\"https:\/\/besonix.ch\/wp-content\/uploads\/2024\/01\/1.2.png\"data-width=\"900\" data-height=\"600\" data-index=\"17\" data-elementor-open-lightbox=\"no\">\n\t\t\t\t\t\t\n\t\t\t\t\t\t<img decoding=\"async\" src=\"https:\/\/besonix.ch\/wp-content\/uploads\/2024\/01\/1.2.png\"alt=\"1.2\">\n\t\t\t\t\t\t\t\t\t\t\t\t\t<\/a>\n\t\t\t\t\t\t\t\t\t\t\t<\/div>\n\t\t\t\t\t\t\t\t\t\t\t\t\t\t\t<div class=\"wd-gallery-item  col-lg-4 col-md-4 col-12\">\n\t\t\t\t\t\t\t\t\t\t\t\t\t<a  href=\"https:\/\/besonix.ch\/wp-content\/uploads\/2024\/01\/TP-877-Magnet-Wireless-3D-Led-Dance-Floor-2-1.jpg\"data-width=\"900\" data-height=\"600\" data-index=\"18\" data-elementor-open-lightbox=\"no\">\n\t\t\t\t\t\t\n\t\t\t\t\t\t<img decoding=\"async\" src=\"https:\/\/besonix.ch\/wp-content\/uploads\/2024\/01\/TP-877-Magnet-Wireless-3D-Led-Dance-Floor-2-1.jpg\"alt=\"TP-877-Magnet-Wireless-3D-Led-Dance-Floor-2\">\n\t\t\t\t\t\t\t\t\t\t\t\t\t<\/a>\n\t\t\t\t\t\t\t\t\t\t\t<\/div>\n\t\t\t\t\t\t\t\t\t\t\t\t\t\t\t<div class=\"wd-gallery-item  col-lg-4 col-md-4 col-12\">\n\t\t\t\t\t\t\t\t\t\t\t\t\t<a  href=\"https:\/\/besonix.ch\/wp-content\/uploads\/2024\/01\/TP-877-Magnet-Wireless-3D-Led-Dance-Floor-3-1.jpg\"data-width=\"900\" data-height=\"600\" data-index=\"19\" data-elementor-open-lightbox=\"no\">\n\t\t\t\t\t\t\n\t\t\t\t\t\t<img decoding=\"async\" src=\"https:\/\/besonix.ch\/wp-content\/uploads\/2024\/01\/TP-877-Magnet-Wireless-3D-Led-Dance-Floor-3-1.jpg\"alt=\"TP-877-Magnet-Wireless-3D-Led-Dance-Floor-3\">\n\t\t\t\t\t\t\t\t\t\t\t\t\t<\/a>\n\t\t\t\t\t\t\t\t\t\t\t<\/div>\n\t\t\t\t\t\t\t\t\t\t\t\t\t\t\t<div class=\"wd-gallery-item  col-lg-4 col-md-4 col-12\">\n\t\t\t\t\t\t\t\t\t\t\t\t\t<a  href=\"https:\/\/besonix.ch\/wp-content\/uploads\/2024\/01\/LED-Dance-Boden-Bild-1-.jpg\"data-width=\"1600\" data-height=\"1200\" data-index=\"20\" data-elementor-open-lightbox=\"no\">\n\t\t\t\t\t\t\n\t\t\t\t\t\t<img decoding=\"async\" src=\"https:\/\/besonix.ch\/wp-content\/uploads\/2024\/01\/LED-Dance-Boden-Bild-1-.jpg\"alt=\"LED Dance Boden Bild 1\">\n\t\t\t\t\t\t\t\t\t\t\t\t\t<\/a>\n\t\t\t\t\t\t\t\t\t\t\t<\/div>\n\t\t\t\t\t\t\t\t\t\t\t\t\t\t\t<div class=\"wd-gallery-item  col-lg-4 col-md-4 col-12\">\n\t\t\t\t\t\t\t\t\t\t\t\t\t<a  href=\"https:\/\/besonix.ch\/wp-content\/uploads\/2024\/01\/Unknown-1.jpg\"data-width=\"1000\" data-height=\"1000\" data-index=\"21\" data-elementor-open-lightbox=\"no\">\n\t\t\t\t\t\t\n\t\t\t\t\t\t<img decoding=\"async\" src=\"https:\/\/besonix.ch\/wp-content\/uploads\/2024\/01\/Unknown-1.jpg\"alt=\"Unknown-1\">\n\t\t\t\t\t\t\t\t\t\t\t\t\t<\/a>\n\t\t\t\t\t\t\t\t\t\t\t<\/div>\n\t\t\t\t\t\t\t\t\t\t\t\t\t\t\t<div class=\"wd-gallery-item  col-lg-4 col-md-4 col-12\">\n\t\t\t\t\t\t\t\t\t\t\t\t\t<a  href=\"https:\/\/besonix.ch\/wp-content\/uploads\/2024\/01\/image004.png\"data-width=\"1270\" data-height=\"751\" data-index=\"22\" data-elementor-open-lightbox=\"no\">\n\t\t\t\t\t\t\n\t\t\t\t\t\t<img decoding=\"async\" src=\"https:\/\/besonix.ch\/wp-content\/uploads\/2024\/01\/image004.png\"alt=\"image004\">\n\t\t\t\t\t\t\t\t\t\t\t\t\t<\/a>\n\t\t\t\t\t\t\t\t\t\t\t<\/div>\n\t\t\t\t\t\t\t\t\t\t\t\t\t\t\t<div class=\"wd-gallery-item  col-lg-4 col-md-4 col-12\">\n\t\t\t\t\t\t\t\t\t\t\t\t\t<a  href=\"https:\/\/besonix.ch\/wp-content\/uploads\/2024\/01\/Unknown-1.png\"data-width=\"720\" data-height=\"720\" data-index=\"23\" data-elementor-open-lightbox=\"no\">\n\t\t\t\t\t\t\n\t\t\t\t\t\t<img decoding=\"async\" src=\"https:\/\/besonix.ch\/wp-content\/uploads\/2024\/01\/Unknown-1.png\"alt=\"Unknown-1\">\n\t\t\t\t\t\t\t\t\t\t\t\t\t<\/a>\n\t\t\t\t\t\t\t\t\t\t\t<\/div>\n\t\t\t\t\t\t\t\t\t\t\t\t\t\t\t<div class=\"wd-gallery-item  col-lg-4 col-md-4 col-12\">\n\t\t\t\t\t\t\t\t\t\t\t\t\t<a  href=\"https:\/\/besonix.ch\/wp-content\/uploads\/2024\/01\/image002.png\"data-width=\"720\" data-height=\"720\" data-index=\"24\" data-elementor-open-lightbox=\"no\">\n\t\t\t\t\t\t\n\t\t\t\t\t\t<img decoding=\"async\" src=\"https:\/\/besonix.ch\/wp-content\/uploads\/2024\/01\/image002.png\"alt=\"image002\">\n\t\t\t\t\t\t\t\t\t\t\t\t\t<\/a>\n\t\t\t\t\t\t\t\t\t\t\t<\/div>\n\t\t\t\t\t\t\t\t\t\t\t\t\t\t\t<div class=\"wd-gallery-item  col-lg-4 col-md-4 col-12\">\n\t\t\t\t\t\t\t\t\t\t\t\t\t<a  href=\"https:\/\/besonix.ch\/wp-content\/uploads\/2024\/01\/Battery-3D-Mirror-Magnet-Led-Dance-Floor-1.jpg\"data-width=\"900\" data-height=\"600\" data-index=\"25\" data-elementor-open-lightbox=\"no\">\n\t\t\t\t\t\t\n\t\t\t\t\t\t<img decoding=\"async\" src=\"https:\/\/besonix.ch\/wp-content\/uploads\/2024\/01\/Battery-3D-Mirror-Magnet-Led-Dance-Floor-1.jpg\"alt=\"Dancefloor Remix\">\n\t\t\t\t\t\t\t\t\t\t\t\t\t<\/a>\n\t\t\t\t\t\t\t\t\t\t\t<\/div>\n\t\t\t\t\t\t\t\t\t\t\t\t\t\t\t<div class=\"wd-gallery-item  col-lg-4 col-md-4 col-12\">\n\t\t\t\t\t\t\t\t\t\t\t\t\t<a  href=\"https:\/\/besonix.ch\/wp-content\/uploads\/2024\/01\/Battery-3D-Mirror-Magnet-Led-Dance-Floor-2.jpg\"data-width=\"900\" data-height=\"600\" data-index=\"26\" data-elementor-open-lightbox=\"no\">\n\t\t\t\t\t\t\n\t\t\t\t\t\t<img decoding=\"async\" src=\"https:\/\/besonix.ch\/wp-content\/uploads\/2024\/01\/Battery-3D-Mirror-Magnet-Led-Dance-Floor-2.jpg\"alt=\"Dancefloor Music\">\n\t\t\t\t\t\t\t\t\t\t\t\t\t<\/a>\n\t\t\t\t\t\t\t\t\t\t\t<\/div>\n\t\t\t\t\t\t\t\t\t\t\t\t\t\t\t<div class=\"wd-gallery-item  col-lg-4 col-md-4 col-12\">\n\t\t\t\t\t\t\t\t\t\t\t\t\t<a  href=\"https:\/\/besonix.ch\/wp-content\/uploads\/2024\/01\/Battery-3D-Mirror-Magnet-Led-Dance-Floor-3.jpg\"data-width=\"900\" data-height=\"600\" data-index=\"27\" data-elementor-open-lightbox=\"no\">\n\t\t\t\t\t\t\n\t\t\t\t\t\t<img decoding=\"async\" src=\"https:\/\/besonix.ch\/wp-content\/uploads\/2024\/01\/Battery-3D-Mirror-Magnet-Led-Dance-Floor-3.jpg\"alt=\"Dancefloor 90s Hits\">\n\t\t\t\t\t\t\t\t\t\t\t\t\t<\/a>\n\t\t\t\t\t\t\t\t\t\t\t<\/div>\n\t\t\t\t\t\t\t\t<\/div>\n\t\t<\/div>\n\t\t\t\t\t\t<\/div>\n\t\t\t\t<\/div>\n\t\t\t\t\t<\/div>\n\t\t<\/div>\n\t\t\t\t\t<\/div>\n\t\t<\/section>\n\t\t\t\t<\/div>","protected":false},"excerpt":{"rendered":"<p>Startse\u0131te Produkte \u00dcber Uns Galer\u0131e Kontakt https:\/\/besonix.ch\/wp-content\/uploads\/2024\/01\/20230615_11f74bfb862466a9_415232882421_mp4_264_sd_unlimit_taobao.mp4https:\/\/besonix.ch\/wp-content\/uploads\/2024\/01\/LED-Dance-Boden-Video-startseite.mp4https:\/\/besonix.ch\/wp-content\/uploads\/2024\/01\/LED-Dance-Video-3D-infinity-1.mp4https:\/\/besonix.ch\/wp-content\/uploads\/2024\/01\/LED-Dance-Video-3D-infinity-2.mp4<\/p>","protected":false},"author":1,"featured_media":0,"parent":0,"menu_order":0,"comment_status":"closed","ping_status":"closed","template":"elementor_header_footer","meta":{"footnotes":""},"class_list":["post-16471","page","type-page","status-publish","hentry"],"_links":{"self":[{"href":"https:\/\/besonix.ch\/fr\/wp-json\/wp\/v2\/pages\/16471","targetHints":{"allow":["GET"]}}],"collection":[{"href":"https:\/\/besonix.ch\/fr\/wp-json\/wp\/v2\/pages"}],"about":[{"href":"https:\/\/besonix.ch\/fr\/wp-json\/wp\/v2\/types\/page"}],"author":[{"embeddable":true,"href":"https:\/\/besonix.ch\/fr\/wp-json\/wp\/v2\/users\/1"}],"replies":[{"embeddable":true,"href":"https:\/\/besonix.ch\/fr\/wp-json\/wp\/v2\/comments?post=16471"}],"version-history":[{"count":13,"href":"https:\/\/besonix.ch\/fr\/wp-json\/wp\/v2\/pages\/16471\/revisions"}],"predecessor-version":[{"id":16717,"href":"https:\/\/besonix.ch\/fr\/wp-json\/wp\/v2\/pages\/16471\/revisions\/16717"}],"wp:attachment":[{"href":"https:\/\/besonix.ch\/fr\/wp-json\/wp\/v2\/media?parent=16471"}],"curies":[{"name":"wp","href":"https:\/\/api.w.org\/{rel}","templated":true}]}}