{"id":16048,"date":"2024-01-02T14:02:37","date_gmt":"2024-01-02T14:02:37","guid":{"rendered":"https:\/\/besonix.ch\/?page_id=16048"},"modified":"2024-10-18T15:03:39","modified_gmt":"2024-10-18T15:03:39","slug":"batteriemagnet-ledtanzflache","status":"publish","type":"page","link":"https:\/\/besonix.ch\/fr\/batteriemagnet-ledtanzflache\/","title":{"rendered":"Piste de danse LED \u00e0 aimant \u00e0 batterie"},"content":{"rendered":"<div data-elementor-type=\"wp-page\" data-elementor-id=\"16048\" class=\"elementor elementor-16048\">\n\t\t\t\t\t\t<section class=\"elementor-section elementor-top-section elementor-element elementor-element-5f057431 elementor-section-boxed elementor-section-height-default elementor-section-height-default wd-section-disabled\" data-id=\"5f057431\" data-element_type=\"section\">\n\t\t\t\t\t\t<div class=\"elementor-container elementor-column-gap-default\">\n\t\t\t\t\t<div class=\"elementor-column elementor-col-100 elementor-top-column elementor-element elementor-element-22d396f3\" data-id=\"22d396f3\" data-element_type=\"column\">\n\t\t\t<div class=\"elementor-widget-wrap elementor-element-populated\">\n\t\t\t\t\t\t<div class=\"elementor-element elementor-element-4f584d5 elementor-widget elementor-widget-wd_products\" data-id=\"4f584d5\" data-element_type=\"widget\" data-widget_type=\"wd_products.default\">\n\t\t\t\t<div class=\"elementor-widget-container\">\n\t\t\t\t\t\t\t\t\t\t<div class=\"wd-products-element\">\n\n\t\t\t\n\t\t\t\n\t\t\t\n\t\t\t<div class=\"products elements-grid row wd-products-holder pagination- wd-spacing-20 grid-columns-3 align-items-start\" data-paged=\"1\" data-atts=\"{&quot;element_title&quot;:&quot;&quot;,&quot;title_alignment&quot;:&quot;left&quot;,&quot;query_post_type&quot;:&quot;product&quot;,&quot;post_type&quot;:&quot;product&quot;,&quot;include&quot;:null,&quot;taxonomies&quot;:[&quot;72&quot;],&quot;offset&quot;:&quot;&quot;,&quot;orderby&quot;:&quot;date&quot;,&quot;query_type&quot;:&quot;OR&quot;,&quot;order&quot;:null,&quot;meta_key&quot;:null,&quot;exclude&quot;:&quot;&quot;,&quot;shop_tools&quot;:null,&quot;hide_out_of_stock&quot;:&quot;no&quot;,&quot;ajax_recently_viewed&quot;:null,&quot;speed&quot;:null,&quot;slides_per_view&quot;:null,&quot;slides_per_view_tablet&quot;:{&quot;size&quot;:&quot;&quot;},&quot;slides_per_view_mobile&quot;:{&quot;size&quot;:&quot;&quot;},&quot;wrap&quot;:null,&quot;autoplay&quot;:null,&quot;center_mode&quot;:null,&quot;hide_pagination_control&quot;:null,&quot;hide_prev_next_buttons&quot;:null,&quot;scroll_per_page&quot;:null,&quot;layout&quot;:&quot;grid&quot;,&quot;pagination&quot;:&quot;&quot;,&quot;items_per_page&quot;:&quot;8&quot;,&quot;spacing&quot;:&quot;20&quot;,&quot;columns&quot;:{&quot;unit&quot;:&quot;px&quot;,&quot;size&quot;:3,&quot;sizes&quot;:[]},&quot;columns_tablet&quot;:{&quot;size&quot;:&quot;&quot;},&quot;columns_mobile&quot;:{&quot;size&quot;:&quot;&quot;},&quot;products_masonry&quot;:&quot;&quot;,&quot;products_different_sizes&quot;:&quot;&quot;,&quot;product_quantity&quot;:&quot;&quot;,&quot;product_hover&quot;:&quot;inherit&quot;,&quot;sale_countdown&quot;:&quot;0&quot;,&quot;stretch_product&quot;:null,&quot;stretch_product_tablet&quot;:0,&quot;stretch_product_mobile&quot;:0,&quot;stock_progress_bar&quot;:&quot;0&quot;,&quot;highlighted_products&quot;:&quot;0&quot;,&quot;products_bordered_grid&quot;:&quot;0&quot;,&quot;products_bordered_grid_style&quot;:null,&quot;products_with_background&quot;:&quot;0&quot;,&quot;products_shadow&quot;:&quot;0&quot;,&quot;products_color_scheme&quot;:&quot;default&quot;,&quot;img_size&quot;:&quot;large&quot;,&quot;img_size_custom&quot;:null,&quot;grid_gallery&quot;:&quot;&quot;,&quot;grid_gallery_control&quot;:null,&quot;grid_gallery_enable_arrows&quot;:null,&quot;ajax_page&quot;:&quot;&quot;,&quot;force_not_ajax&quot;:&quot;no&quot;,&quot;lazy_loading&quot;:&quot;no&quot;,&quot;scroll_carousel_init&quot;:null,&quot;custom_sizes&quot;:false,&quot;elementor&quot;:true}\" data-source=\"shortcode\" data-columns=\"3\" data-grid-gallery=\"\">\n\t\t\n\t\t\n\t\t\t\t\t\t\t\t<div class=\"product-grid-item product wd-hover-quick  col-lg-4 col-md-4 col-6 first  type-product post-15831 status-publish instock product_cat-batteriemagnet-led-tanzflache has-post-thumbnail shipping-taxable product-type-simple\" data-loop=\"1\" data-id=\"15831\">\n\t\n\t\n<div class=\"product-wrapper\">\n\t<div class=\"product-element-top wd-quick-shop\">\n\t\t<a href=\"https:\/\/besonix.ch\/fr\/product\/tp-b878-batterie-magnet-digital-led-tanzflache\/\" class=\"product-image-link\">\n\t\t\t<img fetchpriority=\"high\" decoding=\"async\" width=\"900\" height=\"600\" src=\"https:\/\/besonix.ch\/wp-content\/uploads\/2023\/12\/Battery-Magnet-Digital-Led-Dance-Floor-TP-B878-2-1.jpg\" class=\"attachment-large size-large\" alt=\"\" \/>\t\t<\/a>\n\n\t\t\t\t\t<div class=\"hover-img\">\n\t\t\t\t<a href=\"https:\/\/besonix.ch\/fr\/product\/tp-b878-batterie-magnet-digital-led-tanzflache\/\">\n\t\t\t\t\t<img decoding=\"async\" width=\"600\" height=\"400\" src=\"https:\/\/besonix.ch\/wp-content\/uploads\/2023\/12\/20220519194534147-600x400-1.jpg\" class=\"attachment-large size-large\" alt=\"\" \/>\t\t\t\t<\/a>\n\t\t\t<\/div>\n\t\t\t\t\t<div class=\"wd-buttons wd-pos-r-t\">\n\t\t\t\t\t\t\t\t\t\t\t<div class=\"quick-view wd-action-btn wd-style-icon wd-quick-view-icon\">\n\t\t\t<a\n\t\t\t\thref=\"https:\/\/besonix.ch\/fr\/product\/tp-b878-batterie-magnet-digital-led-tanzflache\/\"\n\t\t\t\tclass=\"open-quick-view quick-view-button\"\n\t\t\t\trel=\"nofollow\"\n\t\t\t\tdata-id=\"15831\"\n\t\t\t\t>Quick view<\/a>\n\t\t<\/div>\n\t\t\t\t\t\t\t<\/div>\n\n\t\t\t\t\t\t\t\t<\/div>\n\t\t\t<h3 class=\"wd-entities-title\"><a href=\"https:\/\/besonix.ch\/fr\/product\/tp-b878-batterie-magnet-digital-led-tanzflache\/\">Piste de danse LED num\u00e9rique magn\u00e9tique \u00e0 batterie TP-B878<\/a><\/h3>\n\t\t\t<div class=\"wd-product-cats\">\n\t\t\t<a href=\"https:\/\/besonix.ch\/fr\/product-category\/batteriemagnet-led-tanzflache\/\" rel=\"tag\">Piste de danse LED \u00e0 aimant \u00e0 batterie<\/a>\t\t<\/div>\n\t\t\t\t\n\n\t\n\t\n\t\t<\/div>\n<\/div>\n\t\t\t\t\t\t\t\t<div class=\"product-grid-item product wd-hover-quick  col-lg-4 col-md-4 col-6 type-product post-15811 status-publish instock product_cat-batteriemagnet-led-tanzflache has-post-thumbnail shipping-taxable product-type-simple\" data-loop=\"2\" data-id=\"15811\">\n\t\n\t\n<div class=\"product-wrapper\">\n\t<div class=\"product-element-top wd-quick-shop\">\n\t\t<a href=\"https:\/\/besonix.ch\/fr\/product\/tp-b877-batterie-3d-spiegel-magnet-led-tanzflache\/\" class=\"product-image-link\">\n\t\t\t<img decoding=\"async\" width=\"900\" height=\"600\" src=\"https:\/\/besonix.ch\/wp-content\/uploads\/2023\/12\/tp-B877.jpg\" class=\"attachment-large size-large\" alt=\"\" \/>\t\t<\/a>\n\n\t\t\t\t\t<div class=\"hover-img\">\n\t\t\t\t<a href=\"https:\/\/besonix.ch\/fr\/product\/tp-b877-batterie-3d-spiegel-magnet-led-tanzflache\/\">\n\t\t\t\t\t<img loading=\"lazy\" decoding=\"async\" width=\"900\" height=\"600\" src=\"https:\/\/besonix.ch\/wp-content\/uploads\/2023\/12\/1.jpg\" class=\"attachment-large size-large\" alt=\"\" srcset=\"https:\/\/besonix.ch\/wp-content\/uploads\/2023\/12\/1.jpg 900w, https:\/\/besonix.ch\/wp-content\/uploads\/2023\/12\/1-400x267.jpg 400w, https:\/\/besonix.ch\/wp-content\/uploads\/2023\/12\/1-768x512.jpg 768w, https:\/\/besonix.ch\/wp-content\/uploads\/2023\/12\/1-18x12.jpg 18w, https:\/\/besonix.ch\/wp-content\/uploads\/2023\/12\/1-860x573.jpg 860w, https:\/\/besonix.ch\/wp-content\/uploads\/2023\/12\/1-430x287.jpg 430w, https:\/\/besonix.ch\/wp-content\/uploads\/2023\/12\/1-700x467.jpg 700w, https:\/\/besonix.ch\/wp-content\/uploads\/2023\/12\/1-150x100.jpg 150w\" sizes=\"(max-width: 900px) 100vw, 900px\" \/>\t\t\t\t<\/a>\n\t\t\t<\/div>\n\t\t\t\t\t<div class=\"wd-buttons wd-pos-r-t\">\n\t\t\t\t\t\t\t\t\t\t\t<div class=\"quick-view wd-action-btn wd-style-icon wd-quick-view-icon\">\n\t\t\t<a\n\t\t\t\thref=\"https:\/\/besonix.ch\/fr\/product\/tp-b877-batterie-3d-spiegel-magnet-led-tanzflache\/\"\n\t\t\t\tclass=\"open-quick-view quick-view-button\"\n\t\t\t\trel=\"nofollow\"\n\t\t\t\tdata-id=\"15811\"\n\t\t\t\t>Quick view<\/a>\n\t\t<\/div>\n\t\t\t\t\t\t\t<\/div>\n\n\t\t\t\t\t\t\t\t<\/div>\n\t\t\t<h3 class=\"wd-entities-title\"><a href=\"https:\/\/besonix.ch\/fr\/product\/tp-b877-batterie-3d-spiegel-magnet-led-tanzflache\/\">TP-B877 Batterie Miroir 3D Magn\u00e9tique Piste de Danse LED<\/a><\/h3>\n\t\t\t<div class=\"wd-product-cats\">\n\t\t\t<a href=\"https:\/\/besonix.ch\/fr\/product-category\/batteriemagnet-led-tanzflache\/\" rel=\"tag\">Piste de danse LED \u00e0 aimant \u00e0 batterie<\/a>\t\t<\/div>\n\t\t\t\t\n\n\t\n\t\n\t\t<\/div>\n<\/div>\n\t\t\n\t\t\t\t<\/div>\n\t\n\t\t\n\t\t\n\t\t\t\t\t<\/div>\n\t\t\n\t\t\t\t\t\t<\/div>\n\t\t\t\t<\/div>\n\t\t\t\t\t<\/div>\n\t\t<\/div>\n\t\t\t\t\t<\/div>\n\t\t<\/section>\n\t\t\t\t<\/div>","protected":false},"excerpt":{"rendered":"<p>Quick view Read more TP-B878 Battery Magnet Digital Led Dance Floor Batteriemagnet-LED Tanzfl\u00e4che Quick view Read more TP-B877 Battery 3D<\/p>","protected":false},"author":1,"featured_media":0,"parent":0,"menu_order":0,"comment_status":"closed","ping_status":"closed","template":"elementor_header_footer","meta":{"footnotes":""},"class_list":["post-16048","page","type-page","status-publish","hentry"],"_links":{"self":[{"href":"https:\/\/besonix.ch\/fr\/wp-json\/wp\/v2\/pages\/16048","targetHints":{"allow":["GET"]}}],"collection":[{"href":"https:\/\/besonix.ch\/fr\/wp-json\/wp\/v2\/pages"}],"about":[{"href":"https:\/\/besonix.ch\/fr\/wp-json\/wp\/v2\/types\/page"}],"author":[{"embeddable":true,"href":"https:\/\/besonix.ch\/fr\/wp-json\/wp\/v2\/users\/1"}],"replies":[{"embeddable":true,"href":"https:\/\/besonix.ch\/fr\/wp-json\/wp\/v2\/comments?post=16048"}],"version-history":[{"count":4,"href":"https:\/\/besonix.ch\/fr\/wp-json\/wp\/v2\/pages\/16048\/revisions"}],"predecessor-version":[{"id":16053,"href":"https:\/\/besonix.ch\/fr\/wp-json\/wp\/v2\/pages\/16048\/revisions\/16053"}],"wp:attachment":[{"href":"https:\/\/besonix.ch\/fr\/wp-json\/wp\/v2\/media?parent=16048"}],"curies":[{"name":"wp","href":"https:\/\/api.w.org\/{rel}","templated":true}]}}